{"id":3067,"date":"2022-06-01T21:32:55","date_gmt":"2022-06-01T18:32:55","guid":{"rendered":"https:\/\/uusi.ripustuskiskot.com\/?post_type=product&#038;p=3067"},"modified":"2025-04-08T17:10:04","modified_gmt":"2025-04-08T14:10:04","slug":"newly-ripustuskisko-r10-300-cm","status":"publish","type":"product","link":"https:\/\/ripustuskiskot.com\/index.php\/tuote\/newly-ripustuskisko-r10-300-cm\/","title":{"rendered":"Newly ripustuskisko R10 300cm \/ metrihinta 9,20 \u20ac sis.alv. 24%"},"content":{"rendered":"<p><strong>Huom!<\/strong>\u00a0Muista tilata my\u00f6s sein\u00e4kiinnikkeet, ruuvit ja tulpat. Ne myyd\u00e4\u00e4n erikseen.<br \/>\nR10 kiskon metrihinta on 9,20 \u20ac sis.alv. 24%.<br \/>\nMik\u00e4li haluat R10 kiskoja m\u00e4\u00e4r\u00e4mittaan sahattuna tai asennettuna, \u00e4l\u00e4 k\u00e4yt\u00e4 verkkokauppaa, vaan ota meihin yhteytt\u00e4 puhelimitse tai s\u00e4hk\u00f6postilla.<\/p>\n<p><strong>Yhteensopivia tuotteita:<\/strong><\/p>\n<figure id=\"attachment_3299\" aria-describedby=\"caption-attachment-3299\" style=\"width: 150px\" class=\"wp-caption alignleft\"><a href=\"https:\/\/ripustuskiskot.com\/index.php\/tuote\/ripustuskoukku-h100\/\"><img decoding=\"async\" class=\"wp-image-3299 size-thumbnail\" src=\"https:\/\/ripustuskiskot.com\/wp-content\/uploads\/2022\/06\/Taulun-ripustus-Ripustuskoukku-H100-kopio-e1656162040166-150x150.jpg\" alt=\"Taulun ripustus - ripustuskoukku H100\" width=\"150\" height=\"150\" srcset=\"https:\/\/ripustuskiskot.com\/wp-content\/uploads\/2022\/06\/Taulun-ripustus-Ripustuskoukku-H100-kopio-e1656162040166-150x150.jpg 150w, https:\/\/ripustuskiskot.com\/wp-content\/uploads\/2022\/06\/Taulun-ripustus-Ripustuskoukku-H100-kopio-e1656162040166.jpg 600w, https:\/\/ripustuskiskot.com\/wp-content\/uploads\/2022\/06\/Taulun-ripustus-Ripustuskoukku-H100-kopio-e1656162040166-100x100.jpg 100w, https:\/\/ripustuskiskot.com\/wp-content\/uploads\/2022\/06\/Taulun-ripustus-Ripustuskoukku-H100-kopio-e1656162040166-300x300.jpg 300w\" sizes=\"(max-width: 150px) 100vw, 150px\" \/><\/a><figcaption id=\"caption-attachment-3299\" class=\"wp-caption-text\">Ripustuskoukku H100<\/figcaption><\/figure>\n<figure id=\"attachment_3411\" aria-describedby=\"caption-attachment-3411\" style=\"width: 150px\" class=\"wp-caption alignleft\"><a href=\"https:\/\/ripustuskiskot.com\/index.php\/tuote\/newly-seinakiinnike-jatkopala\/\"><img decoding=\"async\" class=\"wp-image-3411 size-thumbnail\" src=\"https:\/\/ripustuskiskot.com\/wp-content\/uploads\/2022\/06\/Seinakiinnike-seinakiinnike-jatkopala-valkoinen-1-e1656161414788-150x150.jpg\" alt=\"\" width=\"150\" height=\"150\" srcset=\"https:\/\/ripustuskiskot.com\/wp-content\/uploads\/2022\/06\/Seinakiinnike-seinakiinnike-jatkopala-valkoinen-1-e1656161414788-150x150.jpg 150w, https:\/\/ripustuskiskot.com\/wp-content\/uploads\/2022\/06\/Seinakiinnike-seinakiinnike-jatkopala-valkoinen-1-e1656161414788.jpg 600w, https:\/\/ripustuskiskot.com\/wp-content\/uploads\/2022\/06\/Seinakiinnike-seinakiinnike-jatkopala-valkoinen-1-e1656161414788-100x100.jpg 100w, https:\/\/ripustuskiskot.com\/wp-content\/uploads\/2022\/06\/Seinakiinnike-seinakiinnike-jatkopala-valkoinen-1-e1656161414788-300x300.jpg 300w\" sizes=\"(max-width: 150px) 100vw, 150px\" \/><\/a><figcaption id=\"caption-attachment-3411\" class=\"wp-caption-text\">Sein\u00e4kiinnike\/jatkopala<\/figcaption><\/figure>\n<figure id=\"attachment_3167\" aria-describedby=\"caption-attachment-3167\" style=\"width: 150px\" class=\"wp-caption alignleft\"><a href=\"https:\/\/ripustuskiskot.com\/index.php\/tuote\/twister-perlonlanka\/\"><img decoding=\"async\" class=\"wp-image-3167 size-thumbnail\" src=\"https:\/\/ripustuskiskot.com\/wp-content\/uploads\/2022\/06\/Ripustuslanka-ripustuskiskoille-Twister-perlonlanka-e1656162299985-150x150.jpg\" alt=\"\" width=\"150\" height=\"150\" srcset=\"https:\/\/ripustuskiskot.com\/wp-content\/uploads\/2022\/06\/Ripustuslanka-ripustuskiskoille-Twister-perlonlanka-e1656162299985-150x150.jpg 150w, https:\/\/ripustuskiskot.com\/wp-content\/uploads\/2022\/06\/Ripustuslanka-ripustuskiskoille-Twister-perlonlanka-e1656162299985.jpg 600w, https:\/\/ripustuskiskot.com\/wp-content\/uploads\/2022\/06\/Ripustuslanka-ripustuskiskoille-Twister-perlonlanka-e1656162299985-100x100.jpg 100w, https:\/\/ripustuskiskot.com\/wp-content\/uploads\/2022\/06\/Ripustuslanka-ripustuskiskoille-Twister-perlonlanka-e1656162299985-300x300.jpg 300w\" sizes=\"(max-width: 150px) 100vw, 150px\" \/><\/a><figcaption id=\"caption-attachment-3167\" class=\"wp-caption-text\">Twister perlonlanka<\/figcaption><\/figure>\n<figure id=\"attachment_3376\" aria-describedby=\"caption-attachment-3376\" style=\"width: 150px\" class=\"wp-caption alignleft\"><a href=\"https:\/\/ripustuskiskot.com\/index.php\/tuote\/newly-r10-kulmaliitospala-valkoinen\/\"><img loading=\"lazy\" decoding=\"async\" class=\"wp-image-3376 size-thumbnail\" src=\"https:\/\/ripustuskiskot.com\/wp-content\/uploads\/2022\/06\/Newly-R10-kulmaliitospala-valkoinen-e1656161191142-150x150.jpg\" alt=\"\" width=\"150\" height=\"150\" srcset=\"https:\/\/ripustuskiskot.com\/wp-content\/uploads\/2022\/06\/Newly-R10-kulmaliitospala-valkoinen-e1656161191142-150x150.jpg 150w, https:\/\/ripustuskiskot.com\/wp-content\/uploads\/2022\/06\/Newly-R10-kulmaliitospala-valkoinen-e1656161191142.jpg 600w, https:\/\/ripustuskiskot.com\/wp-content\/uploads\/2022\/06\/Newly-R10-kulmaliitospala-valkoinen-e1656161191142-100x100.jpg 100w, https:\/\/ripustuskiskot.com\/wp-content\/uploads\/2022\/06\/Newly-R10-kulmaliitospala-valkoinen-e1656161191142-300x300.jpg 300w\" sizes=\"(max-width: 150px) 100vw, 150px\" \/><\/a><figcaption id=\"caption-attachment-3376\" class=\"wp-caption-text\">R10 kulmaliitospala<\/figcaption><\/figure>\n<figure id=\"attachment_3348\" aria-describedby=\"caption-attachment-3348\" style=\"width: 150px\" class=\"wp-caption alignleft\"><a href=\"https:\/\/ripustuskiskot.com\/index.php\/tuote\/newly-r10-paatytulppa-valkoinen\/\"><img loading=\"lazy\" decoding=\"async\" class=\"wp-image-3348 size-thumbnail\" src=\"https:\/\/ripustuskiskot.com\/wp-content\/uploads\/2022\/06\/Newly-R10-kiskon-paatytulppa-valkoinen-2-e1656161890225-150x150.jpg\" alt=\"\" width=\"150\" height=\"150\" srcset=\"https:\/\/ripustuskiskot.com\/wp-content\/uploads\/2022\/06\/Newly-R10-kiskon-paatytulppa-valkoinen-2-e1656161890225-150x150.jpg 150w, https:\/\/ripustuskiskot.com\/wp-content\/uploads\/2022\/06\/Newly-R10-kiskon-paatytulppa-valkoinen-2-e1656161890225.jpg 600w, https:\/\/ripustuskiskot.com\/wp-content\/uploads\/2022\/06\/Newly-R10-kiskon-paatytulppa-valkoinen-2-e1656161890225-100x100.jpg 100w, https:\/\/ripustuskiskot.com\/wp-content\/uploads\/2022\/06\/Newly-R10-kiskon-paatytulppa-valkoinen-2-e1656161890225-300x300.jpg 300w\" sizes=\"(max-width: 150px) 100vw, 150px\" \/><\/a><figcaption id=\"caption-attachment-3348\" class=\"wp-caption-text\">R10 p\u00e4\u00e4tytulppa<\/figcaption><\/figure>\n","protected":false},"excerpt":{"rendered":"<ul>\n<li><span style=\"color: #339966;\"><strong>VARASTOSSA<\/strong><\/span><\/li>\n<li>Mitat: 11,5 x 17 mm<\/li>\n<li>Pituus: 300 cm<\/li>\n<li>Kuormituskyky: 20kg\/metri<\/li>\n<li>V\u00e4ri: Valkoinen, primer-pinta maalattavissa.<\/li>\n<li>Asennus:<strong> K\u00e4yt\u00e4 sein\u00e4kiinnikett\u00e4 50 cm v\u00e4lein<\/strong>.\u00a0<strong>Kiskon metrim\u00e4\u00e4r\u00e4 x 2,5<\/strong>\u00a0= oikea kiinnikkeiden m\u00e4\u00e4r\u00e4.<\/li>\n<li>Sama kiinnike toimii my\u00f6s jatkopalana.<\/li>\n<li>Twister-langan voi pujottaa kiskon keskelt\u00e4, langan kiinnikkeen metallikaulus j\u00e4\u00e4 kiskon alle piiloon.<\/li>\n<li>Turvallinen ja l\u00e4hes n\u00e4kym\u00e4t\u00f6n ripustus.<\/li>\n<\/ul>\n","protected":false},"featured_media":3061,"template":"","meta":{"site-sidebar-layout":"default","site-content-layout":"default","ast-site-content-layout":"default","site-content-style":"default","site-sidebar-style":"default","ast-global-header-display":"","ast-banner-title-visibility":"","ast-main-header-display":"","ast-hfb-above-header-display":"","ast-hfb-below-header-display":"","ast-hfb-mobile-header-display":"","site-post-title":"","ast-breadcrumbs-content":"","ast-featured-img":"","footer-sml-layout":"","ast-disable-related-posts":"","theme-transparent-header-meta":"default","adv-header-id-meta":"","stick-header-meta":"","header-above-stick-meta":"","header-main-stick-meta":"","header-below-stick-meta":"","astra-migrate-meta-layouts":"set","ast-page-background-enabled":"default","ast-page-background-meta":{"desktop":{"background-color":"","background-image":"","background-repeat":"repeat","background-position":"center center","background-size":"auto","background-attachment":"scroll","background-type":"","background-media":"","overlay-type":"","overlay-color":"","overlay-opacity":"","overlay-gradient":""},"tablet":{"background-color":"","background-image":"","background-repeat":"repeat","background-position":"center center","background-size":"auto","background-attachment":"scroll","background-type":"","background-media":"","overlay-type":"","overlay-color":"","overlay-opacity":"","overlay-gradient":""},"mobile":{"background-color":"","background-image":"","background-repeat":"repeat","background-position":"center center","background-size":"auto","background-attachment":"scroll","background-type":"","background-media":"","overlay-type":"","overlay-color":"","overlay-opacity":"","overlay-gradient":""}},"ast-content-background-meta":{"desktop":{"background-color":"var(--ast-global-color-5)","background-image":"","background-repeat":"repeat","background-position":"center center","background-size":"auto","background-attachment":"scroll","background-type":"","background-media":"","overlay-type":"","overlay-color":"","overlay-opacity":"","overlay-gradient":""},"tablet":{"background-color":"var(--ast-global-color-5)","background-image":"","background-repeat":"repeat","background-position":"center center","background-size":"auto","background-attachment":"scroll","background-type":"","background-media":"","overlay-type":"","overlay-color":"","overlay-opacity":"","overlay-gradient":""},"mobile":{"background-color":"var(--ast-global-color-5)","background-image":"","background-repeat":"repeat","background-position":"center center","background-size":"auto","background-attachment":"scroll","background-type":"","background-media":"","overlay-type":"","overlay-color":"","overlay-opacity":"","overlay-gradient":""}}},"product_brand":[],"product_cat":[41],"product_tag":[67,57,58,59,61,62],"class_list":{"0":"post-3067","1":"product","2":"type-product","3":"status-publish","4":"has-post-thumbnail","6":"product_cat-seinakiskot","7":"product_tag-newly-ripustuskisko","8":"product_tag-ripustuskisko","9":"product_tag-ripustuskiskot","10":"product_tag-taulukisko","11":"product_tag-taulun-kiinnitys","12":"product_tag-taulun-ripustus","13":"desktop-align-left","14":"tablet-align-left","15":"mobile-align-left","17":"first","18":"instock","19":"taxable","20":"shipping-taxable","21":"purchasable","22":"product-type-simple"},"yoast_head":"<!-- This site is optimized with the Yoast SEO plugin v27.4 - https:\/\/yoast.com\/product\/yoast-seo-wordpress\/ -->\n<title>Newly ripustuskisko R10 300cm \/ metrihinta 9,20 \u20ac sis.alv. 24% - Ripustuskiskot.com<\/title>\n<meta name=\"robots\" content=\"index, follow, max-snippet:-1, max-image-preview:large, max-video-preview:-1\" \/>\n<link rel=\"canonical\" href=\"https:\/\/ripustuskiskot.com\/index.php\/tuote\/newly-ripustuskisko-r10-300-cm\/\" \/>\n<meta property=\"og:locale\" content=\"fi_FI\" \/>\n<meta property=\"og:type\" content=\"article\" \/>\n<meta property=\"og:title\" content=\"Newly ripustuskisko R10 300cm \/ metrihinta 9,20 \u20ac sis.alv. 24% - Ripustuskiskot.com\" \/>\n<meta property=\"og:description\" content=\"VARASTOSSA  Mitat: 11,5 x 17 mm  Pituus: 300 cm  Kuormituskyky: 20kg\/metri  V\u00e4ri: Valkoinen, primer-pinta maalattavissa.  Asennus: K\u00e4yt\u00e4 sein\u00e4kiinnikett\u00e4 50 cm v\u00e4lein.\u00a0Kiskon metrim\u00e4\u00e4r\u00e4 x 2,5\u00a0= oikea kiinnikkeiden m\u00e4\u00e4r\u00e4.  Sama kiinnike toimii my\u00f6s jatkopalana.  Twister-langan voi pujottaa kiskon keskelt\u00e4, langan kiinnikkeen metallikaulus j\u00e4\u00e4 kiskon alle piiloon.  Turvallinen ja l\u00e4hes n\u00e4kym\u00e4t\u00f6n ripustus.\" \/>\n<meta property=\"og:url\" content=\"https:\/\/ripustuskiskot.com\/index.php\/tuote\/newly-ripustuskisko-r10-300-cm\/\" \/>\n<meta property=\"og:site_name\" content=\"Ripustuskiskot.com\" \/>\n<meta property=\"article:publisher\" content=\"https:\/\/www.facebook.com\/ripustuskiskot\" \/>\n<meta property=\"article:modified_time\" content=\"2025-04-08T14:10:04+00:00\" \/>\n<meta property=\"og:image\" content=\"https:\/\/ripustuskiskot.com\/wp-content\/uploads\/2022\/06\/Ripustuskiskot-Newly-R10-e1656162929894.jpg\" \/>\n\t<meta property=\"og:image:width\" content=\"600\" \/>\n\t<meta property=\"og:image:height\" content=\"600\" \/>\n\t<meta property=\"og:image:type\" content=\"image\/jpeg\" \/>\n<meta name=\"twitter:card\" content=\"summary_large_image\" \/>\n<meta name=\"twitter:label1\" content=\"Arvioitu lukuaika\" \/>\n\t<meta name=\"twitter:data1\" content=\"2 minuuttia\" \/>\n<script type=\"application\/ld+json\" class=\"yoast-schema-graph\">{\"@context\":\"https:\\\/\\\/schema.org\",\"@graph\":[{\"@type\":\"WebPage\",\"@id\":\"https:\\\/\\\/ripustuskiskot.com\\\/index.php\\\/tuote\\\/newly-ripustuskisko-r10-300-cm\\\/\",\"url\":\"https:\\\/\\\/ripustuskiskot.com\\\/index.php\\\/tuote\\\/newly-ripustuskisko-r10-300-cm\\\/\",\"name\":\"Newly ripustuskisko R10 300cm \\\/ metrihinta 9,20 \u20ac sis.alv. 24% - Ripustuskiskot.com\",\"isPartOf\":{\"@id\":\"https:\\\/\\\/ripustuskiskot.com\\\/#website\"},\"primaryImageOfPage\":{\"@id\":\"https:\\\/\\\/ripustuskiskot.com\\\/index.php\\\/tuote\\\/newly-ripustuskisko-r10-300-cm\\\/#primaryimage\"},\"image\":{\"@id\":\"https:\\\/\\\/ripustuskiskot.com\\\/index.php\\\/tuote\\\/newly-ripustuskisko-r10-300-cm\\\/#primaryimage\"},\"thumbnailUrl\":\"https:\\\/\\\/ripustuskiskot.com\\\/wp-content\\\/uploads\\\/2022\\\/06\\\/Ripustuskiskot-Newly-R10-e1656162929894.jpg\",\"datePublished\":\"2022-06-01T18:32:55+00:00\",\"dateModified\":\"2025-04-08T14:10:04+00:00\",\"breadcrumb\":{\"@id\":\"https:\\\/\\\/ripustuskiskot.com\\\/index.php\\\/tuote\\\/newly-ripustuskisko-r10-300-cm\\\/#breadcrumb\"},\"inLanguage\":\"fi\",\"potentialAction\":[{\"@type\":\"ReadAction\",\"target\":[\"https:\\\/\\\/ripustuskiskot.com\\\/index.php\\\/tuote\\\/newly-ripustuskisko-r10-300-cm\\\/\"]}]},{\"@type\":\"ImageObject\",\"inLanguage\":\"fi\",\"@id\":\"https:\\\/\\\/ripustuskiskot.com\\\/index.php\\\/tuote\\\/newly-ripustuskisko-r10-300-cm\\\/#primaryimage\",\"url\":\"https:\\\/\\\/ripustuskiskot.com\\\/wp-content\\\/uploads\\\/2022\\\/06\\\/Ripustuskiskot-Newly-R10-e1656162929894.jpg\",\"contentUrl\":\"https:\\\/\\\/ripustuskiskot.com\\\/wp-content\\\/uploads\\\/2022\\\/06\\\/Ripustuskiskot-Newly-R10-e1656162929894.jpg\",\"width\":600,\"height\":600,\"caption\":\"R10 Compact Rail Product Pictures\"},{\"@type\":\"BreadcrumbList\",\"@id\":\"https:\\\/\\\/ripustuskiskot.com\\\/index.php\\\/tuote\\\/newly-ripustuskisko-r10-300-cm\\\/#breadcrumb\",\"itemListElement\":[{\"@type\":\"ListItem\",\"position\":1,\"name\":\"Etusivu\",\"item\":\"https:\\\/\\\/ripustuskiskot.com\\\/\"},{\"@type\":\"ListItem\",\"position\":2,\"name\":\"Kauppa ja tuotteet\",\"item\":\"https:\\\/\\\/ripustuskiskot.com\\\/index.php\\\/store\\\/\"},{\"@type\":\"ListItem\",\"position\":3,\"name\":\"Newly ripustuskisko R10 300cm \\\/ metrihinta 9,20 \u20ac sis.alv. 24%\"}]},{\"@type\":\"WebSite\",\"@id\":\"https:\\\/\\\/ripustuskiskot.com\\\/#website\",\"url\":\"https:\\\/\\\/ripustuskiskot.com\\\/\",\"name\":\"Ripustuskiskot.com\",\"description\":\"Ripustuskiskot ja ripustustarvikkeet\",\"publisher\":{\"@id\":\"https:\\\/\\\/ripustuskiskot.com\\\/#organization\"},\"potentialAction\":[{\"@type\":\"SearchAction\",\"target\":{\"@type\":\"EntryPoint\",\"urlTemplate\":\"https:\\\/\\\/ripustuskiskot.com\\\/?s={search_term_string}\"},\"query-input\":{\"@type\":\"PropertyValueSpecification\",\"valueRequired\":true,\"valueName\":\"search_term_string\"}}],\"inLanguage\":\"fi\"},{\"@type\":\"Organization\",\"@id\":\"https:\\\/\\\/ripustuskiskot.com\\\/#organization\",\"name\":\"Kehystyspalvelu Nystr\u00f6m Oy\",\"url\":\"https:\\\/\\\/ripustuskiskot.com\\\/\",\"logo\":{\"@type\":\"ImageObject\",\"inLanguage\":\"fi\",\"@id\":\"https:\\\/\\\/ripustuskiskot.com\\\/#\\\/schema\\\/logo\\\/image\\\/\",\"url\":\"https:\\\/\\\/i0.wp.com\\\/uusi.ripustuskiskot.com\\\/wp-content\\\/uploads\\\/2022\\\/05\\\/Kehystyspalvelu-Nystrom-Oy-logo-2.png?fit=260%2C63&ssl=1\",\"contentUrl\":\"https:\\\/\\\/i0.wp.com\\\/uusi.ripustuskiskot.com\\\/wp-content\\\/uploads\\\/2022\\\/05\\\/Kehystyspalvelu-Nystrom-Oy-logo-2.png?fit=260%2C63&ssl=1\",\"width\":260,\"height\":63,\"caption\":\"Kehystyspalvelu Nystr\u00f6m Oy\"},\"image\":{\"@id\":\"https:\\\/\\\/ripustuskiskot.com\\\/#\\\/schema\\\/logo\\\/image\\\/\"},\"sameAs\":[\"https:\\\/\\\/www.facebook.com\\\/ripustuskiskot\"]}]}<\/script>\n<!-- \/ Yoast SEO plugin. -->","yoast_head_json":{"title":"Newly ripustuskisko R10 300cm \/ metrihinta 9,20 \u20ac sis.alv. 24% - Ripustuskiskot.com","robots":{"index":"index","follow":"follow","max-snippet":"max-snippet:-1","max-image-preview":"max-image-preview:large","max-video-preview":"max-video-preview:-1"},"canonical":"https:\/\/ripustuskiskot.com\/index.php\/tuote\/newly-ripustuskisko-r10-300-cm\/","og_locale":"fi_FI","og_type":"article","og_title":"Newly ripustuskisko R10 300cm \/ metrihinta 9,20 \u20ac sis.alv. 24% - Ripustuskiskot.com","og_description":"VARASTOSSA  Mitat: 11,5 x 17 mm  Pituus: 300 cm  Kuormituskyky: 20kg\/metri  V\u00e4ri: Valkoinen, primer-pinta maalattavissa.  Asennus: K\u00e4yt\u00e4 sein\u00e4kiinnikett\u00e4 50 cm v\u00e4lein.\u00a0Kiskon metrim\u00e4\u00e4r\u00e4 x 2,5\u00a0= oikea kiinnikkeiden m\u00e4\u00e4r\u00e4.  Sama kiinnike toimii my\u00f6s jatkopalana.  Twister-langan voi pujottaa kiskon keskelt\u00e4, langan kiinnikkeen metallikaulus j\u00e4\u00e4 kiskon alle piiloon.  Turvallinen ja l\u00e4hes n\u00e4kym\u00e4t\u00f6n ripustus.","og_url":"https:\/\/ripustuskiskot.com\/index.php\/tuote\/newly-ripustuskisko-r10-300-cm\/","og_site_name":"Ripustuskiskot.com","article_publisher":"https:\/\/www.facebook.com\/ripustuskiskot","article_modified_time":"2025-04-08T14:10:04+00:00","og_image":[{"width":600,"height":600,"url":"https:\/\/ripustuskiskot.com\/wp-content\/uploads\/2022\/06\/Ripustuskiskot-Newly-R10-e1656162929894.jpg","type":"image\/jpeg"}],"twitter_card":"summary_large_image","twitter_misc":{"Arvioitu lukuaika":"2 minuuttia"},"schema":{"@context":"https:\/\/schema.org","@graph":[{"@type":"WebPage","@id":"https:\/\/ripustuskiskot.com\/index.php\/tuote\/newly-ripustuskisko-r10-300-cm\/","url":"https:\/\/ripustuskiskot.com\/index.php\/tuote\/newly-ripustuskisko-r10-300-cm\/","name":"Newly ripustuskisko R10 300cm \/ metrihinta 9,20 \u20ac sis.alv. 24% - Ripustuskiskot.com","isPartOf":{"@id":"https:\/\/ripustuskiskot.com\/#website"},"primaryImageOfPage":{"@id":"https:\/\/ripustuskiskot.com\/index.php\/tuote\/newly-ripustuskisko-r10-300-cm\/#primaryimage"},"image":{"@id":"https:\/\/ripustuskiskot.com\/index.php\/tuote\/newly-ripustuskisko-r10-300-cm\/#primaryimage"},"thumbnailUrl":"https:\/\/ripustuskiskot.com\/wp-content\/uploads\/2022\/06\/Ripustuskiskot-Newly-R10-e1656162929894.jpg","datePublished":"2022-06-01T18:32:55+00:00","dateModified":"2025-04-08T14:10:04+00:00","breadcrumb":{"@id":"https:\/\/ripustuskiskot.com\/index.php\/tuote\/newly-ripustuskisko-r10-300-cm\/#breadcrumb"},"inLanguage":"fi","potentialAction":[{"@type":"ReadAction","target":["https:\/\/ripustuskiskot.com\/index.php\/tuote\/newly-ripustuskisko-r10-300-cm\/"]}]},{"@type":"ImageObject","inLanguage":"fi","@id":"https:\/\/ripustuskiskot.com\/index.php\/tuote\/newly-ripustuskisko-r10-300-cm\/#primaryimage","url":"https:\/\/ripustuskiskot.com\/wp-content\/uploads\/2022\/06\/Ripustuskiskot-Newly-R10-e1656162929894.jpg","contentUrl":"https:\/\/ripustuskiskot.com\/wp-content\/uploads\/2022\/06\/Ripustuskiskot-Newly-R10-e1656162929894.jpg","width":600,"height":600,"caption":"R10 Compact Rail Product Pictures"},{"@type":"BreadcrumbList","@id":"https:\/\/ripustuskiskot.com\/index.php\/tuote\/newly-ripustuskisko-r10-300-cm\/#breadcrumb","itemListElement":[{"@type":"ListItem","position":1,"name":"Etusivu","item":"https:\/\/ripustuskiskot.com\/"},{"@type":"ListItem","position":2,"name":"Kauppa ja tuotteet","item":"https:\/\/ripustuskiskot.com\/index.php\/store\/"},{"@type":"ListItem","position":3,"name":"Newly ripustuskisko R10 300cm \/ metrihinta 9,20 \u20ac sis.alv. 24%"}]},{"@type":"WebSite","@id":"https:\/\/ripustuskiskot.com\/#website","url":"https:\/\/ripustuskiskot.com\/","name":"Ripustuskiskot.com","description":"Ripustuskiskot ja ripustustarvikkeet","publisher":{"@id":"https:\/\/ripustuskiskot.com\/#organization"},"potentialAction":[{"@type":"SearchAction","target":{"@type":"EntryPoint","urlTemplate":"https:\/\/ripustuskiskot.com\/?s={search_term_string}"},"query-input":{"@type":"PropertyValueSpecification","valueRequired":true,"valueName":"search_term_string"}}],"inLanguage":"fi"},{"@type":"Organization","@id":"https:\/\/ripustuskiskot.com\/#organization","name":"Kehystyspalvelu Nystr\u00f6m Oy","url":"https:\/\/ripustuskiskot.com\/","logo":{"@type":"ImageObject","inLanguage":"fi","@id":"https:\/\/ripustuskiskot.com\/#\/schema\/logo\/image\/","url":"https:\/\/i0.wp.com\/uusi.ripustuskiskot.com\/wp-content\/uploads\/2022\/05\/Kehystyspalvelu-Nystrom-Oy-logo-2.png?fit=260%2C63&ssl=1","contentUrl":"https:\/\/i0.wp.com\/uusi.ripustuskiskot.com\/wp-content\/uploads\/2022\/05\/Kehystyspalvelu-Nystrom-Oy-logo-2.png?fit=260%2C63&ssl=1","width":260,"height":63,"caption":"Kehystyspalvelu Nystr\u00f6m Oy"},"image":{"@id":"https:\/\/ripustuskiskot.com\/#\/schema\/logo\/image\/"},"sameAs":["https:\/\/www.facebook.com\/ripustuskiskot"]}]}},"_links":{"self":[{"href":"https:\/\/ripustuskiskot.com\/index.php\/wp-json\/wp\/v2\/product\/3067","targetHints":{"allow":["GET"]}}],"collection":[{"href":"https:\/\/ripustuskiskot.com\/index.php\/wp-json\/wp\/v2\/product"}],"about":[{"href":"https:\/\/ripustuskiskot.com\/index.php\/wp-json\/wp\/v2\/types\/product"}],"version-history":[{"count":0,"href":"https:\/\/ripustuskiskot.com\/index.php\/wp-json\/wp\/v2\/product\/3067\/revisions"}],"wp:featuredmedia":[{"embeddable":true,"href":"https:\/\/ripustuskiskot.com\/index.php\/wp-json\/wp\/v2\/media\/3061"}],"wp:attachment":[{"href":"https:\/\/ripustuskiskot.com\/index.php\/wp-json\/wp\/v2\/media?parent=3067"}],"wp:term":[{"taxonomy":"product_brand","embeddable":true,"href":"https:\/\/ripustuskiskot.com\/index.php\/wp-json\/wp\/v2\/product_brand?post=3067"},{"taxonomy":"product_cat","embeddable":true,"href":"https:\/\/ripustuskiskot.com\/index.php\/wp-json\/wp\/v2\/product_cat?post=3067"},{"taxonomy":"product_tag","embeddable":true,"href":"https:\/\/ripustuskiskot.com\/index.php\/wp-json\/wp\/v2\/product_tag?post=3067"}],"curies":[{"name":"wp","href":"https:\/\/api.w.org\/{rel}","templated":true}]}}