{"id":3110,"date":"2022-06-02T18:06:15","date_gmt":"2022-06-02T15:06:15","guid":{"rendered":"https:\/\/uusi.ripustuskiskot.com\/?post_type=product&#038;p=3110"},"modified":"2025-04-08T17:01:56","modified_gmt":"2025-04-08T14:01:56","slug":"newly-ripustuskisko-r40-200cm","status":"publish","type":"product","link":"https:\/\/ripustuskiskot.com\/index.php\/tuote\/newly-ripustuskisko-r40-200cm\/","title":{"rendered":"Newly ripustuskisko R40 200cm \/ metrihinta 11,50 \u20ac sis.alv. 24%"},"content":{"rendered":"<p><strong>Huom!<\/strong>\u00a0Muista tilata my\u00f6s sein\u00e4kiinnikkeet, ruuvit ja tulpat. Ne myyd\u00e4\u00e4n erikseen.<br \/>\nR40 kiskon metrihinta on 11,50 \u20ac sis.alv. 24%.<br \/>\nMik\u00e4li haluat R40 kiskoja m\u00e4\u00e4r\u00e4mittaan sahattuna tai asennettuna, \u00e4l\u00e4 k\u00e4yt\u00e4 verkkokauppaa, vaan ota meihin yhteytt\u00e4 puhelimitse tai s\u00e4hk\u00f6postilla.<\/p>\n<p><strong>Yhteensopivia tuotteita:<\/strong><\/p>\n<figure id=\"attachment_3303\" aria-describedby=\"caption-attachment-3303\" style=\"width: 150px\" class=\"wp-caption alignleft\"><a href=\"https:\/\/ripustuskiskot.com\/index.php\/tuote\/newly-ripustuskoukku-h50-rt\/\"><img decoding=\"async\" class=\"wp-image-3303 size-thumbnail\" src=\"https:\/\/ripustuskiskot.com\/wp-content\/uploads\/2022\/06\/Newly-Twister-ripustuskoukku-H50-RT-e1656162022524-150x150.jpg\" alt=\"\" width=\"150\" height=\"150\" srcset=\"https:\/\/ripustuskiskot.com\/wp-content\/uploads\/2022\/06\/Newly-Twister-ripustuskoukku-H50-RT-e1656162022524-150x150.jpg 150w, https:\/\/ripustuskiskot.com\/wp-content\/uploads\/2022\/06\/Newly-Twister-ripustuskoukku-H50-RT-e1656162022524.jpg 600w, https:\/\/ripustuskiskot.com\/wp-content\/uploads\/2022\/06\/Newly-Twister-ripustuskoukku-H50-RT-e1656162022524-100x100.jpg 100w, https:\/\/ripustuskiskot.com\/wp-content\/uploads\/2022\/06\/Newly-Twister-ripustuskoukku-H50-RT-e1656162022524-300x300.jpg 300w\" sizes=\"(max-width: 150px) 100vw, 150px\" \/><\/a><figcaption id=\"caption-attachment-3303\" class=\"wp-caption-text\">Twister-ripustuskoukku<\/figcaption><\/figure>\n<figure id=\"attachment_3267\" aria-describedby=\"caption-attachment-3267\" style=\"width: 150px\" class=\"wp-caption alignleft\"><a href=\"https:\/\/ripustuskiskot.com\/index.php\/tuote-osasto\/ripustustarvikkeet\/ripustustanko\/\"><img decoding=\"async\" class=\"wp-image-3267 size-thumbnail\" src=\"https:\/\/ripustuskiskot.com\/wp-content\/uploads\/2022\/06\/Ripustuskisko-Newly-ripustustanko-e1656162216958-150x150.jpg\" alt=\"\" width=\"150\" height=\"150\" srcset=\"https:\/\/ripustuskiskot.com\/wp-content\/uploads\/2022\/06\/Ripustuskisko-Newly-ripustustanko-e1656162216958-150x150.jpg 150w, https:\/\/ripustuskiskot.com\/wp-content\/uploads\/2022\/06\/Ripustuskisko-Newly-ripustustanko-e1656162216958.jpg 600w, https:\/\/ripustuskiskot.com\/wp-content\/uploads\/2022\/06\/Ripustuskisko-Newly-ripustustanko-e1656162216958-100x100.jpg 100w, https:\/\/ripustuskiskot.com\/wp-content\/uploads\/2022\/06\/Ripustuskisko-Newly-ripustustanko-e1656162216958-300x300.jpg 300w\" sizes=\"(max-width: 150px) 100vw, 150px\" \/><\/a><figcaption id=\"caption-attachment-3267\" class=\"wp-caption-text\">Twister-ripustustanko<\/figcaption><\/figure>\n<figure id=\"attachment_3255\" aria-describedby=\"caption-attachment-3255\" style=\"width: 150px\" class=\"wp-caption alignleft\"><a href=\"https:\/\/ripustuskiskot.com\/index.php\/tuote\/twister-terasvaijeri\/\"><img decoding=\"async\" class=\"wp-image-3255 size-thumbnail\" src=\"https:\/\/ripustuskiskot.com\/wp-content\/uploads\/2022\/06\/Ripustuskisko-Newly-TWISTER-terasvaijeri-e1656162232457-150x150.jpg\" alt=\"\" width=\"150\" height=\"150\" srcset=\"https:\/\/ripustuskiskot.com\/wp-content\/uploads\/2022\/06\/Ripustuskisko-Newly-TWISTER-terasvaijeri-e1656162232457-150x150.jpg 150w, https:\/\/ripustuskiskot.com\/wp-content\/uploads\/2022\/06\/Ripustuskisko-Newly-TWISTER-terasvaijeri-e1656162232457.jpg 600w, https:\/\/ripustuskiskot.com\/wp-content\/uploads\/2022\/06\/Ripustuskisko-Newly-TWISTER-terasvaijeri-e1656162232457-100x100.jpg 100w, https:\/\/ripustuskiskot.com\/wp-content\/uploads\/2022\/06\/Ripustuskisko-Newly-TWISTER-terasvaijeri-e1656162232457-300x300.jpg 300w\" sizes=\"(max-width: 150px) 100vw, 150px\" \/><\/a><figcaption id=\"caption-attachment-3255\" class=\"wp-caption-text\">Twister-ter\u00e4svaijeri<\/figcaption><\/figure>\n<figure id=\"attachment_3416\" aria-describedby=\"caption-attachment-3416\" style=\"width: 150px\" class=\"wp-caption alignleft\"><a href=\"https:\/\/ripustuskiskot.com\/index.php\/tuote\/newly-r40-kattokiinnike-jatkopala\/\"><img loading=\"lazy\" decoding=\"async\" class=\"wp-image-3416 size-thumbnail\" src=\"https:\/\/ripustuskiskot.com\/wp-content\/uploads\/2022\/06\/Newly-R40-kattokiinnike-jatkopala-1-e1656161431358-150x150.jpg\" alt=\"\" width=\"150\" height=\"150\" srcset=\"https:\/\/ripustuskiskot.com\/wp-content\/uploads\/2022\/06\/Newly-R40-kattokiinnike-jatkopala-1-e1656161431358-150x150.jpg 150w, https:\/\/ripustuskiskot.com\/wp-content\/uploads\/2022\/06\/Newly-R40-kattokiinnike-jatkopala-1-e1656161431358.jpg 600w, https:\/\/ripustuskiskot.com\/wp-content\/uploads\/2022\/06\/Newly-R40-kattokiinnike-jatkopala-1-e1656161431358-100x100.jpg 100w, https:\/\/ripustuskiskot.com\/wp-content\/uploads\/2022\/06\/Newly-R40-kattokiinnike-jatkopala-1-e1656161431358-300x300.jpg 300w\" sizes=\"(max-width: 150px) 100vw, 150px\" \/><\/a><figcaption id=\"caption-attachment-3416\" class=\"wp-caption-text\">R40 kattokiinnike<\/figcaption><\/figure>\n<figure id=\"attachment_3352\" aria-describedby=\"caption-attachment-3352\" style=\"width: 150px\" class=\"wp-caption alignleft\"><a href=\"https:\/\/ripustuskiskot.com\/index.php\/tuote\/newly-r40-paatytulppa-valkoinen\/\"><img loading=\"lazy\" decoding=\"async\" class=\"wp-image-3352 size-thumbnail\" src=\"https:\/\/ripustuskiskot.com\/wp-content\/uploads\/2022\/06\/Newly-R40-kiskon-paatytulppa-valkoinen-2-e1656161836126-150x150.jpg\" alt=\"\" width=\"150\" height=\"150\" srcset=\"https:\/\/ripustuskiskot.com\/wp-content\/uploads\/2022\/06\/Newly-R40-kiskon-paatytulppa-valkoinen-2-e1656161836126-150x150.jpg 150w, https:\/\/ripustuskiskot.com\/wp-content\/uploads\/2022\/06\/Newly-R40-kiskon-paatytulppa-valkoinen-2-e1656161836126.jpg 600w, https:\/\/ripustuskiskot.com\/wp-content\/uploads\/2022\/06\/Newly-R40-kiskon-paatytulppa-valkoinen-2-e1656161836126-100x100.jpg 100w, https:\/\/ripustuskiskot.com\/wp-content\/uploads\/2022\/06\/Newly-R40-kiskon-paatytulppa-valkoinen-2-e1656161836126-300x300.jpg 300w\" sizes=\"(max-width: 150px) 100vw, 150px\" \/><\/a><figcaption id=\"caption-attachment-3352\" class=\"wp-caption-text\">R40 p\u00e4\u00e4tytulppa<\/figcaption><\/figure>\n","protected":false},"excerpt":{"rendered":"<p>R40-kisko on markkinoiden ainoa kiinnikkeell\u00e4 kattoon asennettava ripustuskisko. Kisko sopii erinomaisesti esim. kauppoihin ja n\u00e4yttelytiloihin.<\/p>\n<ul>\n<li><span style=\"color: #339966;\"><strong>VARASTOSSA<\/strong><\/span><\/li>\n<li>Mitat: 17,6 x 18,3 mm<\/li>\n<li>Pituus: 200 cm<\/li>\n<li>Kuormituskyky: 20kg\/metri<\/li>\n<li>V\u00e4ri: valkoinen, primer-pinta maalattavissa.<\/li>\n<li>Materiaali: alumiini<\/li>\n<li>Asennus: kattokiinnitys 40cm v\u00e4lein.<\/li>\n<\/ul>\n","protected":false},"featured_media":3109,"template":"","meta":{"site-sidebar-layout":"default","site-content-layout":"default","ast-site-content-layout":"default","site-content-style":"default","site-sidebar-style":"default","ast-global-header-display":"","ast-banner-title-visibility":"","ast-main-header-display":"","ast-hfb-above-header-display":"","ast-hfb-below-header-display":"","ast-hfb-mobile-header-display":"","site-post-title":"","ast-breadcrumbs-content":"","ast-featured-img":"","footer-sml-layout":"","ast-disable-related-posts":"","theme-transparent-header-meta":"default","adv-header-id-meta":"","stick-header-meta":"","header-above-stick-meta":"","header-main-stick-meta":"","header-below-stick-meta":"","astra-migrate-meta-layouts":"set","ast-page-background-enabled":"default","ast-page-background-meta":{"desktop":{"background-color":"","background-image":"","background-repeat":"repeat","background-position":"center center","background-size":"auto","background-attachment":"scroll","background-type":"","background-media":"","overlay-type":"","overlay-color":"","overlay-opacity":"","overlay-gradient":""},"tablet":{"background-color":"","background-image":"","background-repeat":"repeat","background-position":"center center","background-size":"auto","background-attachment":"scroll","background-type":"","background-media":"","overlay-type":"","overlay-color":"","overlay-opacity":"","overlay-gradient":""},"mobile":{"background-color":"","background-image":"","background-repeat":"repeat","background-position":"center center","background-size":"auto","background-attachment":"scroll","background-type":"","background-media":"","overlay-type":"","overlay-color":"","overlay-opacity":"","overlay-gradient":""}},"ast-content-background-meta":{"desktop":{"background-color":"var(--ast-global-color-5)","background-image":"","background-repeat":"repeat","background-position":"center center","background-size":"auto","background-attachment":"scroll","background-type":"","background-media":"","overlay-type":"","overlay-color":"","overlay-opacity":"","overlay-gradient":""},"tablet":{"background-color":"var(--ast-global-color-5)","background-image":"","background-repeat":"repeat","background-position":"center center","background-size":"auto","background-attachment":"scroll","background-type":"","background-media":"","overlay-type":"","overlay-color":"","overlay-opacity":"","overlay-gradient":""},"mobile":{"background-color":"var(--ast-global-color-5)","background-image":"","background-repeat":"repeat","background-position":"center center","background-size":"auto","background-attachment":"scroll","background-type":"","background-media":"","overlay-type":"","overlay-color":"","overlay-opacity":"","overlay-gradient":""}}},"product_brand":[],"product_cat":[30],"product_tag":[68,67,57,59,61,62],"class_list":{"0":"post-3110","1":"product","2":"type-product","3":"status-publish","4":"has-post-thumbnail","6":"product_cat-kattokiskot","7":"product_tag-kattokisko","8":"product_tag-newly-ripustuskisko","9":"product_tag-ripustuskisko","10":"product_tag-taulukisko","11":"product_tag-taulun-kiinnitys","12":"product_tag-taulun-ripustus","13":"desktop-align-left","14":"tablet-align-left","15":"mobile-align-left","17":"first","18":"instock","19":"taxable","20":"shipping-taxable","21":"purchasable","22":"product-type-simple"},"yoast_head":"<!-- This site is optimized with the Yoast SEO plugin v27.5 - https:\/\/yoast.com\/product\/yoast-seo-wordpress\/ -->\n<title>Newly ripustuskisko R40 200cm \/ metrihinta 11,50 \u20ac sis.alv. 24% - Ripustuskiskot.com<\/title>\n<meta name=\"robots\" content=\"index, follow, max-snippet:-1, max-image-preview:large, max-video-preview:-1\" \/>\n<link rel=\"canonical\" href=\"https:\/\/ripustuskiskot.com\/index.php\/tuote\/newly-ripustuskisko-r40-200cm\/\" \/>\n<meta property=\"og:locale\" content=\"fi_FI\" \/>\n<meta property=\"og:type\" content=\"article\" \/>\n<meta property=\"og:title\" content=\"Newly ripustuskisko R40 200cm \/ metrihinta 11,50 \u20ac sis.alv. 24% - Ripustuskiskot.com\" \/>\n<meta property=\"og:description\" content=\"R40-kisko on markkinoiden ainoa kiinnikkeell\u00e4 kattoon asennettava ripustuskisko. Kisko sopii erinomaisesti esim. kauppoihin ja n\u00e4yttelytiloihin.   VARASTOSSA  Mitat: 17,6 x 18,3 mm  Pituus: 200 cm  Kuormituskyky: 20kg\/metri  V\u00e4ri: valkoinen, primer-pinta maalattavissa.  Materiaali: alumiini  Asennus: kattokiinnitys 40cm v\u00e4lein.\" \/>\n<meta property=\"og:url\" content=\"https:\/\/ripustuskiskot.com\/index.php\/tuote\/newly-ripustuskisko-r40-200cm\/\" \/>\n<meta property=\"og:site_name\" content=\"Ripustuskiskot.com\" \/>\n<meta property=\"article:publisher\" content=\"https:\/\/www.facebook.com\/ripustuskiskot\" \/>\n<meta property=\"article:modified_time\" content=\"2025-04-08T14:01:56+00:00\" \/>\n<meta property=\"og:image\" content=\"https:\/\/ripustuskiskot.com\/wp-content\/uploads\/2022\/06\/Kattokisko-Newly-R40-e1656162593201.jpg\" \/>\n\t<meta property=\"og:image:width\" content=\"600\" \/>\n\t<meta property=\"og:image:height\" content=\"600\" \/>\n\t<meta property=\"og:image:type\" content=\"image\/jpeg\" \/>\n<meta name=\"twitter:card\" content=\"summary_large_image\" \/>\n<meta name=\"twitter:label1\" content=\"Arvioitu lukuaika\" \/>\n\t<meta name=\"twitter:data1\" content=\"2 minuuttia\" \/>\n<script type=\"application\/ld+json\" class=\"yoast-schema-graph\">{\"@context\":\"https:\\\/\\\/schema.org\",\"@graph\":[{\"@type\":\"WebPage\",\"@id\":\"https:\\\/\\\/ripustuskiskot.com\\\/index.php\\\/tuote\\\/newly-ripustuskisko-r40-200cm\\\/\",\"url\":\"https:\\\/\\\/ripustuskiskot.com\\\/index.php\\\/tuote\\\/newly-ripustuskisko-r40-200cm\\\/\",\"name\":\"Newly ripustuskisko R40 200cm \\\/ metrihinta 11,50 \u20ac sis.alv. 24% - Ripustuskiskot.com\",\"isPartOf\":{\"@id\":\"https:\\\/\\\/ripustuskiskot.com\\\/#website\"},\"primaryImageOfPage\":{\"@id\":\"https:\\\/\\\/ripustuskiskot.com\\\/index.php\\\/tuote\\\/newly-ripustuskisko-r40-200cm\\\/#primaryimage\"},\"image\":{\"@id\":\"https:\\\/\\\/ripustuskiskot.com\\\/index.php\\\/tuote\\\/newly-ripustuskisko-r40-200cm\\\/#primaryimage\"},\"thumbnailUrl\":\"https:\\\/\\\/ripustuskiskot.com\\\/wp-content\\\/uploads\\\/2022\\\/06\\\/Kattokisko-Newly-R40-e1656162593201.jpg\",\"datePublished\":\"2022-06-02T15:06:15+00:00\",\"dateModified\":\"2025-04-08T14:01:56+00:00\",\"breadcrumb\":{\"@id\":\"https:\\\/\\\/ripustuskiskot.com\\\/index.php\\\/tuote\\\/newly-ripustuskisko-r40-200cm\\\/#breadcrumb\"},\"inLanguage\":\"fi\",\"potentialAction\":[{\"@type\":\"ReadAction\",\"target\":[\"https:\\\/\\\/ripustuskiskot.com\\\/index.php\\\/tuote\\\/newly-ripustuskisko-r40-200cm\\\/\"]}]},{\"@type\":\"ImageObject\",\"inLanguage\":\"fi\",\"@id\":\"https:\\\/\\\/ripustuskiskot.com\\\/index.php\\\/tuote\\\/newly-ripustuskisko-r40-200cm\\\/#primaryimage\",\"url\":\"https:\\\/\\\/ripustuskiskot.com\\\/wp-content\\\/uploads\\\/2022\\\/06\\\/Kattokisko-Newly-R40-e1656162593201.jpg\",\"contentUrl\":\"https:\\\/\\\/ripustuskiskot.com\\\/wp-content\\\/uploads\\\/2022\\\/06\\\/Kattokisko-Newly-R40-e1656162593201.jpg\",\"width\":600,\"height\":600},{\"@type\":\"BreadcrumbList\",\"@id\":\"https:\\\/\\\/ripustuskiskot.com\\\/index.php\\\/tuote\\\/newly-ripustuskisko-r40-200cm\\\/#breadcrumb\",\"itemListElement\":[{\"@type\":\"ListItem\",\"position\":1,\"name\":\"Etusivu\",\"item\":\"https:\\\/\\\/ripustuskiskot.com\\\/\"},{\"@type\":\"ListItem\",\"position\":2,\"name\":\"Kauppa ja tuotteet\",\"item\":\"https:\\\/\\\/ripustuskiskot.com\\\/index.php\\\/store\\\/\"},{\"@type\":\"ListItem\",\"position\":3,\"name\":\"Newly ripustuskisko R40 200cm \\\/ metrihinta 11,50 \u20ac sis.alv. 24%\"}]},{\"@type\":\"WebSite\",\"@id\":\"https:\\\/\\\/ripustuskiskot.com\\\/#website\",\"url\":\"https:\\\/\\\/ripustuskiskot.com\\\/\",\"name\":\"Ripustuskiskot.com\",\"description\":\"Ripustuskiskot ja ripustustarvikkeet\",\"publisher\":{\"@id\":\"https:\\\/\\\/ripustuskiskot.com\\\/#organization\"},\"potentialAction\":[{\"@type\":\"SearchAction\",\"target\":{\"@type\":\"EntryPoint\",\"urlTemplate\":\"https:\\\/\\\/ripustuskiskot.com\\\/?s={search_term_string}\"},\"query-input\":{\"@type\":\"PropertyValueSpecification\",\"valueRequired\":true,\"valueName\":\"search_term_string\"}}],\"inLanguage\":\"fi\"},{\"@type\":\"Organization\",\"@id\":\"https:\\\/\\\/ripustuskiskot.com\\\/#organization\",\"name\":\"Kehystyspalvelu Nystr\u00f6m Oy\",\"url\":\"https:\\\/\\\/ripustuskiskot.com\\\/\",\"logo\":{\"@type\":\"ImageObject\",\"inLanguage\":\"fi\",\"@id\":\"https:\\\/\\\/ripustuskiskot.com\\\/#\\\/schema\\\/logo\\\/image\\\/\",\"url\":\"https:\\\/\\\/i0.wp.com\\\/uusi.ripustuskiskot.com\\\/wp-content\\\/uploads\\\/2022\\\/05\\\/Kehystyspalvelu-Nystrom-Oy-logo-2.png?fit=260%2C63&ssl=1\",\"contentUrl\":\"https:\\\/\\\/i0.wp.com\\\/uusi.ripustuskiskot.com\\\/wp-content\\\/uploads\\\/2022\\\/05\\\/Kehystyspalvelu-Nystrom-Oy-logo-2.png?fit=260%2C63&ssl=1\",\"width\":260,\"height\":63,\"caption\":\"Kehystyspalvelu Nystr\u00f6m Oy\"},\"image\":{\"@id\":\"https:\\\/\\\/ripustuskiskot.com\\\/#\\\/schema\\\/logo\\\/image\\\/\"},\"sameAs\":[\"https:\\\/\\\/www.facebook.com\\\/ripustuskiskot\"]}]}<\/script>\n<!-- \/ Yoast SEO plugin. -->","yoast_head_json":{"title":"Newly ripustuskisko R40 200cm \/ metrihinta 11,50 \u20ac sis.alv. 24% - Ripustuskiskot.com","robots":{"index":"index","follow":"follow","max-snippet":"max-snippet:-1","max-image-preview":"max-image-preview:large","max-video-preview":"max-video-preview:-1"},"canonical":"https:\/\/ripustuskiskot.com\/index.php\/tuote\/newly-ripustuskisko-r40-200cm\/","og_locale":"fi_FI","og_type":"article","og_title":"Newly ripustuskisko R40 200cm \/ metrihinta 11,50 \u20ac sis.alv. 24% - Ripustuskiskot.com","og_description":"R40-kisko on markkinoiden ainoa kiinnikkeell\u00e4 kattoon asennettava ripustuskisko. Kisko sopii erinomaisesti esim. kauppoihin ja n\u00e4yttelytiloihin.   VARASTOSSA  Mitat: 17,6 x 18,3 mm  Pituus: 200 cm  Kuormituskyky: 20kg\/metri  V\u00e4ri: valkoinen, primer-pinta maalattavissa.  Materiaali: alumiini  Asennus: kattokiinnitys 40cm v\u00e4lein.","og_url":"https:\/\/ripustuskiskot.com\/index.php\/tuote\/newly-ripustuskisko-r40-200cm\/","og_site_name":"Ripustuskiskot.com","article_publisher":"https:\/\/www.facebook.com\/ripustuskiskot","article_modified_time":"2025-04-08T14:01:56+00:00","og_image":[{"width":600,"height":600,"url":"https:\/\/ripustuskiskot.com\/wp-content\/uploads\/2022\/06\/Kattokisko-Newly-R40-e1656162593201.jpg","type":"image\/jpeg"}],"twitter_card":"summary_large_image","twitter_misc":{"Arvioitu lukuaika":"2 minuuttia"},"schema":{"@context":"https:\/\/schema.org","@graph":[{"@type":"WebPage","@id":"https:\/\/ripustuskiskot.com\/index.php\/tuote\/newly-ripustuskisko-r40-200cm\/","url":"https:\/\/ripustuskiskot.com\/index.php\/tuote\/newly-ripustuskisko-r40-200cm\/","name":"Newly ripustuskisko R40 200cm \/ metrihinta 11,50 \u20ac sis.alv. 24% - Ripustuskiskot.com","isPartOf":{"@id":"https:\/\/ripustuskiskot.com\/#website"},"primaryImageOfPage":{"@id":"https:\/\/ripustuskiskot.com\/index.php\/tuote\/newly-ripustuskisko-r40-200cm\/#primaryimage"},"image":{"@id":"https:\/\/ripustuskiskot.com\/index.php\/tuote\/newly-ripustuskisko-r40-200cm\/#primaryimage"},"thumbnailUrl":"https:\/\/ripustuskiskot.com\/wp-content\/uploads\/2022\/06\/Kattokisko-Newly-R40-e1656162593201.jpg","datePublished":"2022-06-02T15:06:15+00:00","dateModified":"2025-04-08T14:01:56+00:00","breadcrumb":{"@id":"https:\/\/ripustuskiskot.com\/index.php\/tuote\/newly-ripustuskisko-r40-200cm\/#breadcrumb"},"inLanguage":"fi","potentialAction":[{"@type":"ReadAction","target":["https:\/\/ripustuskiskot.com\/index.php\/tuote\/newly-ripustuskisko-r40-200cm\/"]}]},{"@type":"ImageObject","inLanguage":"fi","@id":"https:\/\/ripustuskiskot.com\/index.php\/tuote\/newly-ripustuskisko-r40-200cm\/#primaryimage","url":"https:\/\/ripustuskiskot.com\/wp-content\/uploads\/2022\/06\/Kattokisko-Newly-R40-e1656162593201.jpg","contentUrl":"https:\/\/ripustuskiskot.com\/wp-content\/uploads\/2022\/06\/Kattokisko-Newly-R40-e1656162593201.jpg","width":600,"height":600},{"@type":"BreadcrumbList","@id":"https:\/\/ripustuskiskot.com\/index.php\/tuote\/newly-ripustuskisko-r40-200cm\/#breadcrumb","itemListElement":[{"@type":"ListItem","position":1,"name":"Etusivu","item":"https:\/\/ripustuskiskot.com\/"},{"@type":"ListItem","position":2,"name":"Kauppa ja tuotteet","item":"https:\/\/ripustuskiskot.com\/index.php\/store\/"},{"@type":"ListItem","position":3,"name":"Newly ripustuskisko R40 200cm \/ metrihinta 11,50 \u20ac sis.alv. 24%"}]},{"@type":"WebSite","@id":"https:\/\/ripustuskiskot.com\/#website","url":"https:\/\/ripustuskiskot.com\/","name":"Ripustuskiskot.com","description":"Ripustuskiskot ja ripustustarvikkeet","publisher":{"@id":"https:\/\/ripustuskiskot.com\/#organization"},"potentialAction":[{"@type":"SearchAction","target":{"@type":"EntryPoint","urlTemplate":"https:\/\/ripustuskiskot.com\/?s={search_term_string}"},"query-input":{"@type":"PropertyValueSpecification","valueRequired":true,"valueName":"search_term_string"}}],"inLanguage":"fi"},{"@type":"Organization","@id":"https:\/\/ripustuskiskot.com\/#organization","name":"Kehystyspalvelu Nystr\u00f6m Oy","url":"https:\/\/ripustuskiskot.com\/","logo":{"@type":"ImageObject","inLanguage":"fi","@id":"https:\/\/ripustuskiskot.com\/#\/schema\/logo\/image\/","url":"https:\/\/i0.wp.com\/uusi.ripustuskiskot.com\/wp-content\/uploads\/2022\/05\/Kehystyspalvelu-Nystrom-Oy-logo-2.png?fit=260%2C63&ssl=1","contentUrl":"https:\/\/i0.wp.com\/uusi.ripustuskiskot.com\/wp-content\/uploads\/2022\/05\/Kehystyspalvelu-Nystrom-Oy-logo-2.png?fit=260%2C63&ssl=1","width":260,"height":63,"caption":"Kehystyspalvelu Nystr\u00f6m Oy"},"image":{"@id":"https:\/\/ripustuskiskot.com\/#\/schema\/logo\/image\/"},"sameAs":["https:\/\/www.facebook.com\/ripustuskiskot"]}]}},"_links":{"self":[{"href":"https:\/\/ripustuskiskot.com\/index.php\/wp-json\/wp\/v2\/product\/3110","targetHints":{"allow":["GET"]}}],"collection":[{"href":"https:\/\/ripustuskiskot.com\/index.php\/wp-json\/wp\/v2\/product"}],"about":[{"href":"https:\/\/ripustuskiskot.com\/index.php\/wp-json\/wp\/v2\/types\/product"}],"version-history":[{"count":0,"href":"https:\/\/ripustuskiskot.com\/index.php\/wp-json\/wp\/v2\/product\/3110\/revisions"}],"wp:featuredmedia":[{"embeddable":true,"href":"https:\/\/ripustuskiskot.com\/index.php\/wp-json\/wp\/v2\/media\/3109"}],"wp:attachment":[{"href":"https:\/\/ripustuskiskot.com\/index.php\/wp-json\/wp\/v2\/media?parent=3110"}],"wp:term":[{"taxonomy":"product_brand","embeddable":true,"href":"https:\/\/ripustuskiskot.com\/index.php\/wp-json\/wp\/v2\/product_brand?post=3110"},{"taxonomy":"product_cat","embeddable":true,"href":"https:\/\/ripustuskiskot.com\/index.php\/wp-json\/wp\/v2\/product_cat?post=3110"},{"taxonomy":"product_tag","embeddable":true,"href":"https:\/\/ripustuskiskot.com\/index.php\/wp-json\/wp\/v2\/product_tag?post=3110"}],"curies":[{"name":"wp","href":"https:\/\/api.w.org\/{rel}","templated":true}]}}