{"id":3296,"date":"2022-06-06T19:50:29","date_gmt":"2022-06-06T16:50:29","guid":{"rendered":"https:\/\/uusi.ripustuskiskot.com\/?post_type=product&#038;p=3296"},"modified":"2025-04-08T15:49:24","modified_gmt":"2025-04-08T12:49:24","slug":"ripustuskoukku-h100","status":"publish","type":"product","link":"https:\/\/ripustuskiskot.com\/index.php\/tuote\/ripustuskoukku-h100\/","title":{"rendered":"Ripustuskoukku H100 \/ 5,50 \u20ac kpl"},"content":{"rendered":"<p><strong>Yhteensopivat tuotteet.<\/strong><\/p>\n<figure id=\"attachment_3225\" aria-describedby=\"caption-attachment-3225\" style=\"width: 150px\" class=\"wp-caption alignleft\"><a href=\"https:\/\/ripustuskiskot.com\/index.php\/tuote\/cobra-perlonlanka\/\"><img decoding=\"async\" class=\"wp-image-3225 size-thumbnail\" src=\"https:\/\/ripustuskiskot.com\/wp-content\/uploads\/2022\/06\/Ripustuslanka-Stas-ripustuskiskoille-Cobra-perlonlanka-e1656162265831-150x150.jpg\" alt=\"\" width=\"150\" height=\"150\" srcset=\"https:\/\/ripustuskiskot.com\/wp-content\/uploads\/2022\/06\/Ripustuslanka-Stas-ripustuskiskoille-Cobra-perlonlanka-e1656162265831-150x150.jpg 150w, https:\/\/ripustuskiskot.com\/wp-content\/uploads\/2022\/06\/Ripustuslanka-Stas-ripustuskiskoille-Cobra-perlonlanka-e1656162265831.jpg 600w, https:\/\/ripustuskiskot.com\/wp-content\/uploads\/2022\/06\/Ripustuslanka-Stas-ripustuskiskoille-Cobra-perlonlanka-e1656162265831-100x100.jpg 100w, https:\/\/ripustuskiskot.com\/wp-content\/uploads\/2022\/06\/Ripustuslanka-Stas-ripustuskiskoille-Cobra-perlonlanka-e1656162265831-300x300.jpg 300w\" sizes=\"(max-width: 150px) 100vw, 150px\" \/><\/a><figcaption id=\"caption-attachment-3225\" class=\"wp-caption-text\">Cobra-perlonlanka<\/figcaption><\/figure>\n<figure id=\"attachment_3167\" aria-describedby=\"caption-attachment-3167\" style=\"width: 150px\" class=\"wp-caption alignleft\"><a href=\"https:\/\/ripustuskiskot.com\/index.php\/tuote\/twister-perlonlanka\/\"><img decoding=\"async\" class=\"wp-image-3167 size-thumbnail\" src=\"https:\/\/ripustuskiskot.com\/wp-content\/uploads\/2022\/06\/Ripustuslanka-ripustuskiskoille-Twister-perlonlanka-e1656162299985-150x150.jpg\" alt=\"\" width=\"150\" height=\"150\" srcset=\"https:\/\/ripustuskiskot.com\/wp-content\/uploads\/2022\/06\/Ripustuslanka-ripustuskiskoille-Twister-perlonlanka-e1656162299985-150x150.jpg 150w, https:\/\/ripustuskiskot.com\/wp-content\/uploads\/2022\/06\/Ripustuslanka-ripustuskiskoille-Twister-perlonlanka-e1656162299985.jpg 600w, https:\/\/ripustuskiskot.com\/wp-content\/uploads\/2022\/06\/Ripustuslanka-ripustuskiskoille-Twister-perlonlanka-e1656162299985-100x100.jpg 100w, https:\/\/ripustuskiskot.com\/wp-content\/uploads\/2022\/06\/Ripustuslanka-ripustuskiskoille-Twister-perlonlanka-e1656162299985-300x300.jpg 300w\" sizes=\"(max-width: 150px) 100vw, 150px\" \/><\/a><figcaption id=\"caption-attachment-3167\" class=\"wp-caption-text\">Twister-perlonlanka<\/figcaption><\/figure>\n<figure id=\"attachment_3245\" aria-describedby=\"caption-attachment-3245\" style=\"width: 150px\" class=\"wp-caption alignleft\"><a href=\"https:\/\/ripustuskiskot.com\/index.php\/tuote\/cobra-terasvaijeri\/\"><img decoding=\"async\" class=\"wp-image-3245 size-thumbnail\" src=\"https:\/\/ripustuskiskot.com\/wp-content\/uploads\/2022\/06\/Ripustuskisko-STAS-Cobra-terasvaijeri-e1656162247794-150x150.jpg\" alt=\"\" width=\"150\" height=\"150\" srcset=\"https:\/\/ripustuskiskot.com\/wp-content\/uploads\/2022\/06\/Ripustuskisko-STAS-Cobra-terasvaijeri-e1656162247794-150x150.jpg 150w, https:\/\/ripustuskiskot.com\/wp-content\/uploads\/2022\/06\/Ripustuskisko-STAS-Cobra-terasvaijeri-e1656162247794.jpg 600w, https:\/\/ripustuskiskot.com\/wp-content\/uploads\/2022\/06\/Ripustuskisko-STAS-Cobra-terasvaijeri-e1656162247794-100x100.jpg 100w, https:\/\/ripustuskiskot.com\/wp-content\/uploads\/2022\/06\/Ripustuskisko-STAS-Cobra-terasvaijeri-e1656162247794-300x300.jpg 300w\" sizes=\"(max-width: 150px) 100vw, 150px\" \/><\/a><figcaption id=\"caption-attachment-3245\" class=\"wp-caption-text\">Cobra-ter\u00e4svaijeri<\/figcaption><\/figure>\n<figure id=\"attachment_3255\" aria-describedby=\"caption-attachment-3255\" style=\"width: 150px\" class=\"wp-caption alignleft\"><a href=\"https:\/\/ripustuskiskot.com\/index.php\/tuote\/twister-terasvaijeri\/\"><img loading=\"lazy\" decoding=\"async\" class=\"wp-image-3255 size-thumbnail\" src=\"https:\/\/ripustuskiskot.com\/wp-content\/uploads\/2022\/06\/Ripustuskisko-Newly-TWISTER-terasvaijeri-e1656162232457-150x150.jpg\" alt=\"\" width=\"150\" height=\"150\" srcset=\"https:\/\/ripustuskiskot.com\/wp-content\/uploads\/2022\/06\/Ripustuskisko-Newly-TWISTER-terasvaijeri-e1656162232457-150x150.jpg 150w, https:\/\/ripustuskiskot.com\/wp-content\/uploads\/2022\/06\/Ripustuskisko-Newly-TWISTER-terasvaijeri-e1656162232457.jpg 600w, https:\/\/ripustuskiskot.com\/wp-content\/uploads\/2022\/06\/Ripustuskisko-Newly-TWISTER-terasvaijeri-e1656162232457-100x100.jpg 100w, https:\/\/ripustuskiskot.com\/wp-content\/uploads\/2022\/06\/Ripustuskisko-Newly-TWISTER-terasvaijeri-e1656162232457-300x300.jpg 300w\" sizes=\"(max-width: 150px) 100vw, 150px\" \/><\/a><figcaption id=\"caption-attachment-3255\" class=\"wp-caption-text\">Twister-ter\u00e4svaijeri<\/figcaption><\/figure>\n<figure id=\"attachment_3267\" aria-describedby=\"caption-attachment-3267\" style=\"width: 150px\" class=\"wp-caption alignleft\"><a href=\"https:\/\/ripustuskiskot.com\/index.php\/tuote\/twister-ripustustanko\/\"><img loading=\"lazy\" decoding=\"async\" class=\"wp-image-3267 size-thumbnail\" src=\"https:\/\/ripustuskiskot.com\/wp-content\/uploads\/2022\/06\/Ripustuskisko-Newly-ripustustanko-e1656162216958-150x150.jpg\" alt=\"\" width=\"150\" height=\"150\" srcset=\"https:\/\/ripustuskiskot.com\/wp-content\/uploads\/2022\/06\/Ripustuskisko-Newly-ripustustanko-e1656162216958-150x150.jpg 150w, https:\/\/ripustuskiskot.com\/wp-content\/uploads\/2022\/06\/Ripustuskisko-Newly-ripustustanko-e1656162216958.jpg 600w, https:\/\/ripustuskiskot.com\/wp-content\/uploads\/2022\/06\/Ripustuskisko-Newly-ripustustanko-e1656162216958-100x100.jpg 100w, https:\/\/ripustuskiskot.com\/wp-content\/uploads\/2022\/06\/Ripustuskisko-Newly-ripustustanko-e1656162216958-300x300.jpg 300w\" sizes=\"(max-width: 150px) 100vw, 150px\" \/><\/a><figcaption id=\"caption-attachment-3267\" class=\"wp-caption-text\">Twister-ripustustanko<\/figcaption><\/figure>\n<div class=\"mceTemp\"><\/div>\n<div class=\"mceTemp\"><\/div>\n","protected":false},"excerpt":{"rendered":"<ul>\n<li><span style=\"color: #339966;\"><strong>VARASTOSSA<\/strong><\/span><\/li>\n<li>2 mm perlonlangalle, ter\u00e4svaijerille ja ripustustangolle.<\/li>\n<li>Itsest\u00e4\u00e4nkiristyv\u00e4: paina-liikuta-vapauta.<\/li>\n<li>Maksimikuormitukset:<\/li>\n<li>Cobra-Perlonlanka 15kg<\/li>\n<li>Cobra-Vaijeri 20kg<\/li>\n<li>Cobra-Valkoinen Vaijeri 10kg<\/li>\n<li>Cobra-Musta Vaijeri 10kg<\/li>\n<li>Twister-Perlonlanka 20kg<\/li>\n<li>Twister-Vaijeri 20kg<\/li>\n<li>Twister-Ripustustanko 10kg<\/li>\n<\/ul>\n","protected":false},"featured_media":3299,"template":"","meta":{"site-sidebar-layout":"default","site-content-layout":"default","ast-site-content-layout":"default","site-content-style":"default","site-sidebar-style":"default","ast-global-header-display":"","ast-banner-title-visibility":"","ast-main-header-display":"","ast-hfb-above-header-display":"","ast-hfb-below-header-display":"","ast-hfb-mobile-header-display":"","site-post-title":"","ast-breadcrumbs-content":"","ast-featured-img":"","footer-sml-layout":"","ast-disable-related-posts":"","theme-transparent-header-meta":"default","adv-header-id-meta":"","stick-header-meta":"","header-above-stick-meta":"","header-main-stick-meta":"","header-below-stick-meta":"","astra-migrate-meta-layouts":"set","ast-page-background-enabled":"default","ast-page-background-meta":{"desktop":{"background-color":"","background-image":"","background-repeat":"repeat","background-position":"center center","background-size":"auto","background-attachment":"scroll","background-type":"","background-media":"","overlay-type":"","overlay-color":"","overlay-opacity":"","overlay-gradient":""},"tablet":{"background-color":"","background-image":"","background-repeat":"repeat","background-position":"center center","background-size":"auto","background-attachment":"scroll","background-type":"","background-media":"","overlay-type":"","overlay-color":"","overlay-opacity":"","overlay-gradient":""},"mobile":{"background-color":"","background-image":"","background-repeat":"repeat","background-position":"center center","background-size":"auto","background-attachment":"scroll","background-type":"","background-media":"","overlay-type":"","overlay-color":"","overlay-opacity":"","overlay-gradient":""}},"ast-content-background-meta":{"desktop":{"background-color":"var(--ast-global-color-5)","background-image":"","background-repeat":"repeat","background-position":"center center","background-size":"auto","background-attachment":"scroll","background-type":"","background-media":"","overlay-type":"","overlay-color":"","overlay-opacity":"","overlay-gradient":""},"tablet":{"background-color":"var(--ast-global-color-5)","background-image":"","background-repeat":"repeat","background-position":"center center","background-size":"auto","background-attachment":"scroll","background-type":"","background-media":"","overlay-type":"","overlay-color":"","overlay-opacity":"","overlay-gradient":""},"mobile":{"background-color":"var(--ast-global-color-5)","background-image":"","background-repeat":"repeat","background-position":"center center","background-size":"auto","background-attachment":"scroll","background-type":"","background-media":"","overlay-type":"","overlay-color":"","overlay-opacity":"","overlay-gradient":""}}},"product_brand":[],"product_cat":[133],"product_tag":[112,84,134,79,130,103,113,135],"class_list":{"0":"post-3296","1":"product","2":"type-product","3":"status-publish","4":"has-post-thumbnail","6":"product_cat-ripustuskoukut","7":"product_tag-cobra-terasvaijeri","8":"product_tag-newly-ripustuslanka","9":"product_tag-newly-ripustusvaijeri","10":"product_tag-ripustuskoukku","11":"product_tag-ripustustanko","12":"product_tag-stas-ripustuslanka","13":"product_tag-stas-ripustusvaijeri","14":"product_tag-twister-terasvaijeri","15":"desktop-align-left","16":"tablet-align-left","17":"mobile-align-left","19":"first","20":"instock","21":"featured","22":"taxable","23":"shipping-taxable","24":"purchasable","25":"product-type-simple"},"yoast_head":"<!-- This site is optimized with the Yoast SEO plugin v27.4 - https:\/\/yoast.com\/product\/yoast-seo-wordpress\/ -->\n<title>Ripustuskoukku H100 \/ 5,50 \u20ac kpl - Ripustuskiskot.com<\/title>\n<meta name=\"robots\" content=\"index, follow, max-snippet:-1, max-image-preview:large, max-video-preview:-1\" \/>\n<link rel=\"canonical\" href=\"https:\/\/ripustuskiskot.com\/index.php\/tuote\/ripustuskoukku-h100\/\" \/>\n<meta property=\"og:locale\" content=\"fi_FI\" \/>\n<meta property=\"og:type\" content=\"article\" \/>\n<meta property=\"og:title\" content=\"Ripustuskoukku H100 \/ 5,50 \u20ac kpl - Ripustuskiskot.com\" \/>\n<meta property=\"og:description\" content=\"VARASTOSSA  2 mm perlonlangalle, ter\u00e4svaijerille ja ripustustangolle.  Itsest\u00e4\u00e4nkiristyv\u00e4: paina-liikuta-vapauta.  Maksimikuormitukset:  Cobra-Perlonlanka 15kg  Cobra-Vaijeri 20kg  Cobra-Valkoinen Vaijeri 10kg  Cobra-Musta Vaijeri 10kg  Twister-Perlonlanka 20kg  Twister-Vaijeri 20kg  Twister-Ripustustanko 10kg\" \/>\n<meta property=\"og:url\" content=\"https:\/\/ripustuskiskot.com\/index.php\/tuote\/ripustuskoukku-h100\/\" \/>\n<meta property=\"og:site_name\" content=\"Ripustuskiskot.com\" \/>\n<meta property=\"article:publisher\" content=\"https:\/\/www.facebook.com\/ripustuskiskot\" \/>\n<meta property=\"article:modified_time\" content=\"2025-04-08T12:49:24+00:00\" \/>\n<meta property=\"og:image\" content=\"https:\/\/ripustuskiskot.com\/wp-content\/uploads\/2022\/06\/Taulun-ripustus-Ripustuskoukku-H100-kopio-e1656162040166.jpg\" \/>\n\t<meta property=\"og:image:width\" content=\"600\" \/>\n\t<meta property=\"og:image:height\" content=\"600\" \/>\n\t<meta property=\"og:image:type\" content=\"image\/jpeg\" \/>\n<meta name=\"twitter:card\" content=\"summary_large_image\" \/>\n<meta name=\"twitter:label1\" content=\"Arvioitu lukuaika\" \/>\n\t<meta name=\"twitter:data1\" content=\"2 minuuttia\" \/>\n<script type=\"application\/ld+json\" class=\"yoast-schema-graph\">{\"@context\":\"https:\\\/\\\/schema.org\",\"@graph\":[{\"@type\":\"WebPage\",\"@id\":\"https:\\\/\\\/ripustuskiskot.com\\\/index.php\\\/tuote\\\/ripustuskoukku-h100\\\/\",\"url\":\"https:\\\/\\\/ripustuskiskot.com\\\/index.php\\\/tuote\\\/ripustuskoukku-h100\\\/\",\"name\":\"Ripustuskoukku H100 \\\/ 5,50 \u20ac kpl - Ripustuskiskot.com\",\"isPartOf\":{\"@id\":\"https:\\\/\\\/ripustuskiskot.com\\\/#website\"},\"primaryImageOfPage\":{\"@id\":\"https:\\\/\\\/ripustuskiskot.com\\\/index.php\\\/tuote\\\/ripustuskoukku-h100\\\/#primaryimage\"},\"image\":{\"@id\":\"https:\\\/\\\/ripustuskiskot.com\\\/index.php\\\/tuote\\\/ripustuskoukku-h100\\\/#primaryimage\"},\"thumbnailUrl\":\"https:\\\/\\\/ripustuskiskot.com\\\/wp-content\\\/uploads\\\/2022\\\/06\\\/Taulun-ripustus-Ripustuskoukku-H100-kopio-e1656162040166.jpg\",\"datePublished\":\"2022-06-06T16:50:29+00:00\",\"dateModified\":\"2025-04-08T12:49:24+00:00\",\"breadcrumb\":{\"@id\":\"https:\\\/\\\/ripustuskiskot.com\\\/index.php\\\/tuote\\\/ripustuskoukku-h100\\\/#breadcrumb\"},\"inLanguage\":\"fi\",\"potentialAction\":[{\"@type\":\"ReadAction\",\"target\":[\"https:\\\/\\\/ripustuskiskot.com\\\/index.php\\\/tuote\\\/ripustuskoukku-h100\\\/\"]}]},{\"@type\":\"ImageObject\",\"inLanguage\":\"fi\",\"@id\":\"https:\\\/\\\/ripustuskiskot.com\\\/index.php\\\/tuote\\\/ripustuskoukku-h100\\\/#primaryimage\",\"url\":\"https:\\\/\\\/ripustuskiskot.com\\\/wp-content\\\/uploads\\\/2022\\\/06\\\/Taulun-ripustus-Ripustuskoukku-H100-kopio-e1656162040166.jpg\",\"contentUrl\":\"https:\\\/\\\/ripustuskiskot.com\\\/wp-content\\\/uploads\\\/2022\\\/06\\\/Taulun-ripustus-Ripustuskoukku-H100-kopio-e1656162040166.jpg\",\"width\":600,\"height\":600,\"caption\":\"Taulun ripustus - ripustuskoukku H100\"},{\"@type\":\"BreadcrumbList\",\"@id\":\"https:\\\/\\\/ripustuskiskot.com\\\/index.php\\\/tuote\\\/ripustuskoukku-h100\\\/#breadcrumb\",\"itemListElement\":[{\"@type\":\"ListItem\",\"position\":1,\"name\":\"Etusivu\",\"item\":\"https:\\\/\\\/ripustuskiskot.com\\\/\"},{\"@type\":\"ListItem\",\"position\":2,\"name\":\"Kauppa ja tuotteet\",\"item\":\"https:\\\/\\\/ripustuskiskot.com\\\/index.php\\\/store\\\/\"},{\"@type\":\"ListItem\",\"position\":3,\"name\":\"Ripustuskoukku H100 \\\/ 5,50 \u20ac kpl\"}]},{\"@type\":\"WebSite\",\"@id\":\"https:\\\/\\\/ripustuskiskot.com\\\/#website\",\"url\":\"https:\\\/\\\/ripustuskiskot.com\\\/\",\"name\":\"Ripustuskiskot.com\",\"description\":\"Ripustuskiskot ja ripustustarvikkeet\",\"publisher\":{\"@id\":\"https:\\\/\\\/ripustuskiskot.com\\\/#organization\"},\"potentialAction\":[{\"@type\":\"SearchAction\",\"target\":{\"@type\":\"EntryPoint\",\"urlTemplate\":\"https:\\\/\\\/ripustuskiskot.com\\\/?s={search_term_string}\"},\"query-input\":{\"@type\":\"PropertyValueSpecification\",\"valueRequired\":true,\"valueName\":\"search_term_string\"}}],\"inLanguage\":\"fi\"},{\"@type\":\"Organization\",\"@id\":\"https:\\\/\\\/ripustuskiskot.com\\\/#organization\",\"name\":\"Kehystyspalvelu Nystr\u00f6m Oy\",\"url\":\"https:\\\/\\\/ripustuskiskot.com\\\/\",\"logo\":{\"@type\":\"ImageObject\",\"inLanguage\":\"fi\",\"@id\":\"https:\\\/\\\/ripustuskiskot.com\\\/#\\\/schema\\\/logo\\\/image\\\/\",\"url\":\"https:\\\/\\\/i0.wp.com\\\/uusi.ripustuskiskot.com\\\/wp-content\\\/uploads\\\/2022\\\/05\\\/Kehystyspalvelu-Nystrom-Oy-logo-2.png?fit=260%2C63&ssl=1\",\"contentUrl\":\"https:\\\/\\\/i0.wp.com\\\/uusi.ripustuskiskot.com\\\/wp-content\\\/uploads\\\/2022\\\/05\\\/Kehystyspalvelu-Nystrom-Oy-logo-2.png?fit=260%2C63&ssl=1\",\"width\":260,\"height\":63,\"caption\":\"Kehystyspalvelu Nystr\u00f6m Oy\"},\"image\":{\"@id\":\"https:\\\/\\\/ripustuskiskot.com\\\/#\\\/schema\\\/logo\\\/image\\\/\"},\"sameAs\":[\"https:\\\/\\\/www.facebook.com\\\/ripustuskiskot\"]}]}<\/script>\n<!-- \/ Yoast SEO plugin. -->","yoast_head_json":{"title":"Ripustuskoukku H100 \/ 5,50 \u20ac kpl - Ripustuskiskot.com","robots":{"index":"index","follow":"follow","max-snippet":"max-snippet:-1","max-image-preview":"max-image-preview:large","max-video-preview":"max-video-preview:-1"},"canonical":"https:\/\/ripustuskiskot.com\/index.php\/tuote\/ripustuskoukku-h100\/","og_locale":"fi_FI","og_type":"article","og_title":"Ripustuskoukku H100 \/ 5,50 \u20ac kpl - Ripustuskiskot.com","og_description":"VARASTOSSA  2 mm perlonlangalle, ter\u00e4svaijerille ja ripustustangolle.  Itsest\u00e4\u00e4nkiristyv\u00e4: paina-liikuta-vapauta.  Maksimikuormitukset:  Cobra-Perlonlanka 15kg  Cobra-Vaijeri 20kg  Cobra-Valkoinen Vaijeri 10kg  Cobra-Musta Vaijeri 10kg  Twister-Perlonlanka 20kg  Twister-Vaijeri 20kg  Twister-Ripustustanko 10kg","og_url":"https:\/\/ripustuskiskot.com\/index.php\/tuote\/ripustuskoukku-h100\/","og_site_name":"Ripustuskiskot.com","article_publisher":"https:\/\/www.facebook.com\/ripustuskiskot","article_modified_time":"2025-04-08T12:49:24+00:00","og_image":[{"width":600,"height":600,"url":"https:\/\/ripustuskiskot.com\/wp-content\/uploads\/2022\/06\/Taulun-ripustus-Ripustuskoukku-H100-kopio-e1656162040166.jpg","type":"image\/jpeg"}],"twitter_card":"summary_large_image","twitter_misc":{"Arvioitu lukuaika":"2 minuuttia"},"schema":{"@context":"https:\/\/schema.org","@graph":[{"@type":"WebPage","@id":"https:\/\/ripustuskiskot.com\/index.php\/tuote\/ripustuskoukku-h100\/","url":"https:\/\/ripustuskiskot.com\/index.php\/tuote\/ripustuskoukku-h100\/","name":"Ripustuskoukku H100 \/ 5,50 \u20ac kpl - Ripustuskiskot.com","isPartOf":{"@id":"https:\/\/ripustuskiskot.com\/#website"},"primaryImageOfPage":{"@id":"https:\/\/ripustuskiskot.com\/index.php\/tuote\/ripustuskoukku-h100\/#primaryimage"},"image":{"@id":"https:\/\/ripustuskiskot.com\/index.php\/tuote\/ripustuskoukku-h100\/#primaryimage"},"thumbnailUrl":"https:\/\/ripustuskiskot.com\/wp-content\/uploads\/2022\/06\/Taulun-ripustus-Ripustuskoukku-H100-kopio-e1656162040166.jpg","datePublished":"2022-06-06T16:50:29+00:00","dateModified":"2025-04-08T12:49:24+00:00","breadcrumb":{"@id":"https:\/\/ripustuskiskot.com\/index.php\/tuote\/ripustuskoukku-h100\/#breadcrumb"},"inLanguage":"fi","potentialAction":[{"@type":"ReadAction","target":["https:\/\/ripustuskiskot.com\/index.php\/tuote\/ripustuskoukku-h100\/"]}]},{"@type":"ImageObject","inLanguage":"fi","@id":"https:\/\/ripustuskiskot.com\/index.php\/tuote\/ripustuskoukku-h100\/#primaryimage","url":"https:\/\/ripustuskiskot.com\/wp-content\/uploads\/2022\/06\/Taulun-ripustus-Ripustuskoukku-H100-kopio-e1656162040166.jpg","contentUrl":"https:\/\/ripustuskiskot.com\/wp-content\/uploads\/2022\/06\/Taulun-ripustus-Ripustuskoukku-H100-kopio-e1656162040166.jpg","width":600,"height":600,"caption":"Taulun ripustus - ripustuskoukku H100"},{"@type":"BreadcrumbList","@id":"https:\/\/ripustuskiskot.com\/index.php\/tuote\/ripustuskoukku-h100\/#breadcrumb","itemListElement":[{"@type":"ListItem","position":1,"name":"Etusivu","item":"https:\/\/ripustuskiskot.com\/"},{"@type":"ListItem","position":2,"name":"Kauppa ja tuotteet","item":"https:\/\/ripustuskiskot.com\/index.php\/store\/"},{"@type":"ListItem","position":3,"name":"Ripustuskoukku H100 \/ 5,50 \u20ac kpl"}]},{"@type":"WebSite","@id":"https:\/\/ripustuskiskot.com\/#website","url":"https:\/\/ripustuskiskot.com\/","name":"Ripustuskiskot.com","description":"Ripustuskiskot ja ripustustarvikkeet","publisher":{"@id":"https:\/\/ripustuskiskot.com\/#organization"},"potentialAction":[{"@type":"SearchAction","target":{"@type":"EntryPoint","urlTemplate":"https:\/\/ripustuskiskot.com\/?s={search_term_string}"},"query-input":{"@type":"PropertyValueSpecification","valueRequired":true,"valueName":"search_term_string"}}],"inLanguage":"fi"},{"@type":"Organization","@id":"https:\/\/ripustuskiskot.com\/#organization","name":"Kehystyspalvelu Nystr\u00f6m Oy","url":"https:\/\/ripustuskiskot.com\/","logo":{"@type":"ImageObject","inLanguage":"fi","@id":"https:\/\/ripustuskiskot.com\/#\/schema\/logo\/image\/","url":"https:\/\/i0.wp.com\/uusi.ripustuskiskot.com\/wp-content\/uploads\/2022\/05\/Kehystyspalvelu-Nystrom-Oy-logo-2.png?fit=260%2C63&ssl=1","contentUrl":"https:\/\/i0.wp.com\/uusi.ripustuskiskot.com\/wp-content\/uploads\/2022\/05\/Kehystyspalvelu-Nystrom-Oy-logo-2.png?fit=260%2C63&ssl=1","width":260,"height":63,"caption":"Kehystyspalvelu Nystr\u00f6m Oy"},"image":{"@id":"https:\/\/ripustuskiskot.com\/#\/schema\/logo\/image\/"},"sameAs":["https:\/\/www.facebook.com\/ripustuskiskot"]}]}},"_links":{"self":[{"href":"https:\/\/ripustuskiskot.com\/index.php\/wp-json\/wp\/v2\/product\/3296","targetHints":{"allow":["GET"]}}],"collection":[{"href":"https:\/\/ripustuskiskot.com\/index.php\/wp-json\/wp\/v2\/product"}],"about":[{"href":"https:\/\/ripustuskiskot.com\/index.php\/wp-json\/wp\/v2\/types\/product"}],"version-history":[{"count":0,"href":"https:\/\/ripustuskiskot.com\/index.php\/wp-json\/wp\/v2\/product\/3296\/revisions"}],"wp:featuredmedia":[{"embeddable":true,"href":"https:\/\/ripustuskiskot.com\/index.php\/wp-json\/wp\/v2\/media\/3299"}],"wp:attachment":[{"href":"https:\/\/ripustuskiskot.com\/index.php\/wp-json\/wp\/v2\/media?parent=3296"}],"wp:term":[{"taxonomy":"product_brand","embeddable":true,"href":"https:\/\/ripustuskiskot.com\/index.php\/wp-json\/wp\/v2\/product_brand?post=3296"},{"taxonomy":"product_cat","embeddable":true,"href":"https:\/\/ripustuskiskot.com\/index.php\/wp-json\/wp\/v2\/product_cat?post=3296"},{"taxonomy":"product_tag","embeddable":true,"href":"https:\/\/ripustuskiskot.com\/index.php\/wp-json\/wp\/v2\/product_tag?post=3296"}],"curies":[{"name":"wp","href":"https:\/\/api.w.org\/{rel}","templated":true}]}}