{"id":3316,"date":"2022-06-06T20:21:46","date_gmt":"2022-06-06T17:21:46","guid":{"rendered":"https:\/\/uusi.ripustuskiskot.com\/?post_type=product&#038;p=3316"},"modified":"2024-07-09T03:17:39","modified_gmt":"2024-07-09T00:17:39","slug":"foto-klipsi","status":"publish","type":"product","link":"https:\/\/ripustuskiskot.com\/index.php\/tuote\/foto-klipsi\/","title":{"rendered":"Foto-Klipsi \/ 1,00 \u20ac kpl"},"content":{"rendered":"<p><strong>Yhteensopivat tuotteet.<\/strong><\/p>\n<figure id=\"attachment_3225\" aria-describedby=\"caption-attachment-3225\" style=\"width: 150px\" class=\"wp-caption alignleft\"><a href=\"https:\/\/uusi.ripustuskiskot.com\/index.php\/tuote\/cobra-perlonlanka\/\"><img decoding=\"async\" class=\"wp-image-3225 size-thumbnail\" src=\"https:\/\/uusi.ripustuskiskot.com\/wp-content\/uploads\/2022\/06\/Ripustuslanka-Stas-ripustuskiskoille-Cobra-perlonlanka-150x150.jpg\" alt=\"\" width=\"150\" height=\"150\" \/><\/a><figcaption id=\"caption-attachment-3225\" class=\"wp-caption-text\">Cobra-perlonlanka<\/figcaption><\/figure>\n<figure id=\"attachment_3167\" aria-describedby=\"caption-attachment-3167\" style=\"width: 150px\" class=\"wp-caption alignleft\"><a href=\"https:\/\/uusi.ripustuskiskot.com\/index.php\/tuote\/twister-perlonlanka\/\"><img decoding=\"async\" class=\"wp-image-3167 size-thumbnail\" src=\"https:\/\/uusi.ripustuskiskot.com\/wp-content\/uploads\/2022\/06\/Ripustuslanka-ripustuskiskoille-Twister-perlonlanka-150x150.jpg\" alt=\"\" width=\"150\" height=\"150\" \/><\/a><figcaption id=\"caption-attachment-3167\" class=\"wp-caption-text\">Twister-perlonlanka<\/figcaption><\/figure>\n","protected":false},"excerpt":{"rendered":"<ul>\n<li><span style=\"color: #339966;\"><strong>VARASTOSSA<\/strong><\/span><\/li>\n<li>2 mm perlonlangalle.<\/li>\n<li>Akryylinen pidike kehyst\u00e4m\u00e4tt\u00f6mille kuville.<\/li>\n<\/ul>\n","protected":false},"featured_media":3317,"template":"","meta":{"site-sidebar-layout":"default","site-content-layout":"default","ast-site-content-layout":"default","site-content-style":"default","site-sidebar-style":"default","ast-global-header-display":"","ast-banner-title-visibility":"","ast-main-header-display":"","ast-hfb-above-header-display":"","ast-hfb-below-header-display":"","ast-hfb-mobile-header-display":"","site-post-title":"","ast-breadcrumbs-content":"","ast-featured-img":"","footer-sml-layout":"","ast-disable-related-posts":"","theme-transparent-header-meta":"default","adv-header-id-meta":null,"stick-header-meta":null,"header-above-stick-meta":null,"header-main-stick-meta":null,"header-below-stick-meta":null,"astra-migrate-meta-layouts":"default","ast-page-background-enabled":"default","ast-page-background-meta":{"desktop":{"background-color":"","background-image":"","background-repeat":"repeat","background-position":"center center","background-size":"auto","background-attachment":"scroll","background-type":"","background-media":"","overlay-type":"","overlay-color":"","overlay-opacity":"","overlay-gradient":""},"tablet":{"background-color":"","background-image":"","background-repeat":"repeat","background-position":"center center","background-size":"auto","background-attachment":"scroll","background-type":"","background-media":"","overlay-type":"","overlay-color":"","overlay-opacity":"","overlay-gradient":""},"mobile":{"background-color":"","background-image":"","background-repeat":"repeat","background-position":"center center","background-size":"auto","background-attachment":"scroll","background-type":"","background-media":"","overlay-type":"","overlay-color":"","overlay-opacity":"","overlay-gradient":""}},"ast-content-background-meta":{"desktop":{"background-color":"var(--ast-global-color-5)","background-image":"","background-repeat":"repeat","background-position":"center center","background-size":"auto","background-attachment":"scroll","background-type":"","background-media":"","overlay-type":"","overlay-color":"","overlay-opacity":"","overlay-gradient":""},"tablet":{"background-color":"var(--ast-global-color-5)","background-image":"","background-repeat":"repeat","background-position":"center center","background-size":"auto","background-attachment":"scroll","background-type":"","background-media":"","overlay-type":"","overlay-color":"","overlay-opacity":"","overlay-gradient":""},"mobile":{"background-color":"var(--ast-global-color-5)","background-image":"","background-repeat":"repeat","background-position":"center center","background-size":"auto","background-attachment":"scroll","background-type":"","background-media":"","overlay-type":"","overlay-color":"","overlay-opacity":"","overlay-gradient":""}}},"product_brand":[],"product_cat":[133],"product_tag":[137,84,85,103,136],"class_list":{"0":"post-3316","1":"product","2":"type-product","3":"status-publish","4":"has-post-thumbnail","6":"product_cat-ripustuskoukut","7":"product_tag-cobra-perlonlanka","8":"product_tag-newly-ripustuslanka","9":"product_tag-perlonlanka","10":"product_tag-stas-ripustuslanka","11":"product_tag-twister-perlonlanka","12":"desktop-align-left","13":"tablet-align-left","14":"mobile-align-left","16":"first","17":"instock","18":"taxable","19":"shipping-taxable","20":"purchasable","21":"product-type-simple"},"yoast_head":"<!-- This site is optimized with the Yoast SEO plugin v27.5 - https:\/\/yoast.com\/product\/yoast-seo-wordpress\/ -->\n<title>Foto-Klipsi \/ 1,00 \u20ac kpl - Ripustuskiskot.com<\/title>\n<meta name=\"robots\" content=\"index, follow, max-snippet:-1, max-image-preview:large, max-video-preview:-1\" \/>\n<link rel=\"canonical\" href=\"https:\/\/ripustuskiskot.com\/index.php\/tuote\/foto-klipsi\/\" \/>\n<meta property=\"og:locale\" content=\"fi_FI\" \/>\n<meta property=\"og:type\" content=\"article\" \/>\n<meta property=\"og:title\" content=\"Foto-Klipsi \/ 1,00 \u20ac kpl - Ripustuskiskot.com\" \/>\n<meta property=\"og:description\" content=\"VARASTOSSA  2 mm perlonlangalle.  Akryylinen pidike kehyst\u00e4m\u00e4tt\u00f6mille kuville.\" \/>\n<meta property=\"og:url\" content=\"https:\/\/ripustuskiskot.com\/index.php\/tuote\/foto-klipsi\/\" \/>\n<meta property=\"og:site_name\" content=\"Ripustuskiskot.com\" \/>\n<meta property=\"article:publisher\" content=\"https:\/\/www.facebook.com\/ripustuskiskot\" \/>\n<meta property=\"article:modified_time\" content=\"2024-07-09T00:17:39+00:00\" \/>\n<meta property=\"og:image\" content=\"https:\/\/ripustuskiskot.com\/wp-content\/uploads\/2022\/06\/Foto-Klipsi-kehystamattomille-valokuville-e1656161960158.jpg\" \/>\n\t<meta property=\"og:image:width\" content=\"600\" \/>\n\t<meta property=\"og:image:height\" content=\"600\" \/>\n\t<meta property=\"og:image:type\" content=\"image\/jpeg\" \/>\n<meta name=\"twitter:card\" content=\"summary_large_image\" \/>\n<script type=\"application\/ld+json\" class=\"yoast-schema-graph\">{\"@context\":\"https:\\\/\\\/schema.org\",\"@graph\":[{\"@type\":\"WebPage\",\"@id\":\"https:\\\/\\\/ripustuskiskot.com\\\/index.php\\\/tuote\\\/foto-klipsi\\\/\",\"url\":\"https:\\\/\\\/ripustuskiskot.com\\\/index.php\\\/tuote\\\/foto-klipsi\\\/\",\"name\":\"Foto-Klipsi \\\/ 1,00 \u20ac kpl - Ripustuskiskot.com\",\"isPartOf\":{\"@id\":\"https:\\\/\\\/ripustuskiskot.com\\\/#website\"},\"primaryImageOfPage\":{\"@id\":\"https:\\\/\\\/ripustuskiskot.com\\\/index.php\\\/tuote\\\/foto-klipsi\\\/#primaryimage\"},\"image\":{\"@id\":\"https:\\\/\\\/ripustuskiskot.com\\\/index.php\\\/tuote\\\/foto-klipsi\\\/#primaryimage\"},\"thumbnailUrl\":\"https:\\\/\\\/ripustuskiskot.com\\\/wp-content\\\/uploads\\\/2022\\\/06\\\/Foto-Klipsi-kehystamattomille-valokuville-e1656161960158.jpg\",\"datePublished\":\"2022-06-06T17:21:46+00:00\",\"dateModified\":\"2024-07-09T00:17:39+00:00\",\"breadcrumb\":{\"@id\":\"https:\\\/\\\/ripustuskiskot.com\\\/index.php\\\/tuote\\\/foto-klipsi\\\/#breadcrumb\"},\"inLanguage\":\"fi\",\"potentialAction\":[{\"@type\":\"ReadAction\",\"target\":[\"https:\\\/\\\/ripustuskiskot.com\\\/index.php\\\/tuote\\\/foto-klipsi\\\/\"]}]},{\"@type\":\"ImageObject\",\"inLanguage\":\"fi\",\"@id\":\"https:\\\/\\\/ripustuskiskot.com\\\/index.php\\\/tuote\\\/foto-klipsi\\\/#primaryimage\",\"url\":\"https:\\\/\\\/ripustuskiskot.com\\\/wp-content\\\/uploads\\\/2022\\\/06\\\/Foto-Klipsi-kehystamattomille-valokuville-e1656161960158.jpg\",\"contentUrl\":\"https:\\\/\\\/ripustuskiskot.com\\\/wp-content\\\/uploads\\\/2022\\\/06\\\/Foto-Klipsi-kehystamattomille-valokuville-e1656161960158.jpg\",\"width\":600,\"height\":600},{\"@type\":\"BreadcrumbList\",\"@id\":\"https:\\\/\\\/ripustuskiskot.com\\\/index.php\\\/tuote\\\/foto-klipsi\\\/#breadcrumb\",\"itemListElement\":[{\"@type\":\"ListItem\",\"position\":1,\"name\":\"Etusivu\",\"item\":\"https:\\\/\\\/ripustuskiskot.com\\\/\"},{\"@type\":\"ListItem\",\"position\":2,\"name\":\"Kauppa ja tuotteet\",\"item\":\"https:\\\/\\\/ripustuskiskot.com\\\/index.php\\\/store\\\/\"},{\"@type\":\"ListItem\",\"position\":3,\"name\":\"Foto-Klipsi \\\/ 1,00 \u20ac kpl\"}]},{\"@type\":\"WebSite\",\"@id\":\"https:\\\/\\\/ripustuskiskot.com\\\/#website\",\"url\":\"https:\\\/\\\/ripustuskiskot.com\\\/\",\"name\":\"Ripustuskiskot.com\",\"description\":\"Ripustuskiskot ja ripustustarvikkeet\",\"publisher\":{\"@id\":\"https:\\\/\\\/ripustuskiskot.com\\\/#organization\"},\"potentialAction\":[{\"@type\":\"SearchAction\",\"target\":{\"@type\":\"EntryPoint\",\"urlTemplate\":\"https:\\\/\\\/ripustuskiskot.com\\\/?s={search_term_string}\"},\"query-input\":{\"@type\":\"PropertyValueSpecification\",\"valueRequired\":true,\"valueName\":\"search_term_string\"}}],\"inLanguage\":\"fi\"},{\"@type\":\"Organization\",\"@id\":\"https:\\\/\\\/ripustuskiskot.com\\\/#organization\",\"name\":\"Kehystyspalvelu Nystr\u00f6m Oy\",\"url\":\"https:\\\/\\\/ripustuskiskot.com\\\/\",\"logo\":{\"@type\":\"ImageObject\",\"inLanguage\":\"fi\",\"@id\":\"https:\\\/\\\/ripustuskiskot.com\\\/#\\\/schema\\\/logo\\\/image\\\/\",\"url\":\"https:\\\/\\\/i0.wp.com\\\/uusi.ripustuskiskot.com\\\/wp-content\\\/uploads\\\/2022\\\/05\\\/Kehystyspalvelu-Nystrom-Oy-logo-2.png?fit=260%2C63&ssl=1\",\"contentUrl\":\"https:\\\/\\\/i0.wp.com\\\/uusi.ripustuskiskot.com\\\/wp-content\\\/uploads\\\/2022\\\/05\\\/Kehystyspalvelu-Nystrom-Oy-logo-2.png?fit=260%2C63&ssl=1\",\"width\":260,\"height\":63,\"caption\":\"Kehystyspalvelu Nystr\u00f6m Oy\"},\"image\":{\"@id\":\"https:\\\/\\\/ripustuskiskot.com\\\/#\\\/schema\\\/logo\\\/image\\\/\"},\"sameAs\":[\"https:\\\/\\\/www.facebook.com\\\/ripustuskiskot\"]}]}<\/script>\n<!-- \/ Yoast SEO plugin. -->","yoast_head_json":{"title":"Foto-Klipsi \/ 1,00 \u20ac kpl - Ripustuskiskot.com","robots":{"index":"index","follow":"follow","max-snippet":"max-snippet:-1","max-image-preview":"max-image-preview:large","max-video-preview":"max-video-preview:-1"},"canonical":"https:\/\/ripustuskiskot.com\/index.php\/tuote\/foto-klipsi\/","og_locale":"fi_FI","og_type":"article","og_title":"Foto-Klipsi \/ 1,00 \u20ac kpl - Ripustuskiskot.com","og_description":"VARASTOSSA  2 mm perlonlangalle.  Akryylinen pidike kehyst\u00e4m\u00e4tt\u00f6mille kuville.","og_url":"https:\/\/ripustuskiskot.com\/index.php\/tuote\/foto-klipsi\/","og_site_name":"Ripustuskiskot.com","article_publisher":"https:\/\/www.facebook.com\/ripustuskiskot","article_modified_time":"2024-07-09T00:17:39+00:00","og_image":[{"width":600,"height":600,"url":"https:\/\/ripustuskiskot.com\/wp-content\/uploads\/2022\/06\/Foto-Klipsi-kehystamattomille-valokuville-e1656161960158.jpg","type":"image\/jpeg"}],"twitter_card":"summary_large_image","schema":{"@context":"https:\/\/schema.org","@graph":[{"@type":"WebPage","@id":"https:\/\/ripustuskiskot.com\/index.php\/tuote\/foto-klipsi\/","url":"https:\/\/ripustuskiskot.com\/index.php\/tuote\/foto-klipsi\/","name":"Foto-Klipsi \/ 1,00 \u20ac kpl - Ripustuskiskot.com","isPartOf":{"@id":"https:\/\/ripustuskiskot.com\/#website"},"primaryImageOfPage":{"@id":"https:\/\/ripustuskiskot.com\/index.php\/tuote\/foto-klipsi\/#primaryimage"},"image":{"@id":"https:\/\/ripustuskiskot.com\/index.php\/tuote\/foto-klipsi\/#primaryimage"},"thumbnailUrl":"https:\/\/ripustuskiskot.com\/wp-content\/uploads\/2022\/06\/Foto-Klipsi-kehystamattomille-valokuville-e1656161960158.jpg","datePublished":"2022-06-06T17:21:46+00:00","dateModified":"2024-07-09T00:17:39+00:00","breadcrumb":{"@id":"https:\/\/ripustuskiskot.com\/index.php\/tuote\/foto-klipsi\/#breadcrumb"},"inLanguage":"fi","potentialAction":[{"@type":"ReadAction","target":["https:\/\/ripustuskiskot.com\/index.php\/tuote\/foto-klipsi\/"]}]},{"@type":"ImageObject","inLanguage":"fi","@id":"https:\/\/ripustuskiskot.com\/index.php\/tuote\/foto-klipsi\/#primaryimage","url":"https:\/\/ripustuskiskot.com\/wp-content\/uploads\/2022\/06\/Foto-Klipsi-kehystamattomille-valokuville-e1656161960158.jpg","contentUrl":"https:\/\/ripustuskiskot.com\/wp-content\/uploads\/2022\/06\/Foto-Klipsi-kehystamattomille-valokuville-e1656161960158.jpg","width":600,"height":600},{"@type":"BreadcrumbList","@id":"https:\/\/ripustuskiskot.com\/index.php\/tuote\/foto-klipsi\/#breadcrumb","itemListElement":[{"@type":"ListItem","position":1,"name":"Etusivu","item":"https:\/\/ripustuskiskot.com\/"},{"@type":"ListItem","position":2,"name":"Kauppa ja tuotteet","item":"https:\/\/ripustuskiskot.com\/index.php\/store\/"},{"@type":"ListItem","position":3,"name":"Foto-Klipsi \/ 1,00 \u20ac kpl"}]},{"@type":"WebSite","@id":"https:\/\/ripustuskiskot.com\/#website","url":"https:\/\/ripustuskiskot.com\/","name":"Ripustuskiskot.com","description":"Ripustuskiskot ja ripustustarvikkeet","publisher":{"@id":"https:\/\/ripustuskiskot.com\/#organization"},"potentialAction":[{"@type":"SearchAction","target":{"@type":"EntryPoint","urlTemplate":"https:\/\/ripustuskiskot.com\/?s={search_term_string}"},"query-input":{"@type":"PropertyValueSpecification","valueRequired":true,"valueName":"search_term_string"}}],"inLanguage":"fi"},{"@type":"Organization","@id":"https:\/\/ripustuskiskot.com\/#organization","name":"Kehystyspalvelu Nystr\u00f6m Oy","url":"https:\/\/ripustuskiskot.com\/","logo":{"@type":"ImageObject","inLanguage":"fi","@id":"https:\/\/ripustuskiskot.com\/#\/schema\/logo\/image\/","url":"https:\/\/i0.wp.com\/uusi.ripustuskiskot.com\/wp-content\/uploads\/2022\/05\/Kehystyspalvelu-Nystrom-Oy-logo-2.png?fit=260%2C63&ssl=1","contentUrl":"https:\/\/i0.wp.com\/uusi.ripustuskiskot.com\/wp-content\/uploads\/2022\/05\/Kehystyspalvelu-Nystrom-Oy-logo-2.png?fit=260%2C63&ssl=1","width":260,"height":63,"caption":"Kehystyspalvelu Nystr\u00f6m Oy"},"image":{"@id":"https:\/\/ripustuskiskot.com\/#\/schema\/logo\/image\/"},"sameAs":["https:\/\/www.facebook.com\/ripustuskiskot"]}]}},"_links":{"self":[{"href":"https:\/\/ripustuskiskot.com\/index.php\/wp-json\/wp\/v2\/product\/3316","targetHints":{"allow":["GET"]}}],"collection":[{"href":"https:\/\/ripustuskiskot.com\/index.php\/wp-json\/wp\/v2\/product"}],"about":[{"href":"https:\/\/ripustuskiskot.com\/index.php\/wp-json\/wp\/v2\/types\/product"}],"version-history":[{"count":0,"href":"https:\/\/ripustuskiskot.com\/index.php\/wp-json\/wp\/v2\/product\/3316\/revisions"}],"wp:featuredmedia":[{"embeddable":true,"href":"https:\/\/ripustuskiskot.com\/index.php\/wp-json\/wp\/v2\/media\/3317"}],"wp:attachment":[{"href":"https:\/\/ripustuskiskot.com\/index.php\/wp-json\/wp\/v2\/media?parent=3316"}],"wp:term":[{"taxonomy":"product_brand","embeddable":true,"href":"https:\/\/ripustuskiskot.com\/index.php\/wp-json\/wp\/v2\/product_brand?post=3316"},{"taxonomy":"product_cat","embeddable":true,"href":"https:\/\/ripustuskiskot.com\/index.php\/wp-json\/wp\/v2\/product_cat?post=3316"},{"taxonomy":"product_tag","embeddable":true,"href":"https:\/\/ripustuskiskot.com\/index.php\/wp-json\/wp\/v2\/product_tag?post=3316"}],"curies":[{"name":"wp","href":"https:\/\/api.w.org\/{rel}","templated":true}]}}