{"id":5748,"date":"2023-02-01T14:30:56","date_gmt":"2023-02-01T12:30:56","guid":{"rendered":"https:\/\/ripustuskiskot.com\/?post_type=product&#038;p=5748"},"modified":"2023-02-01T14:46:29","modified_gmt":"2023-02-01T12:46:29","slug":"sahalaitaripustin-no1","status":"publish","type":"product","link":"https:\/\/ripustuskiskot.com\/index.php\/tuote\/sahalaitaripustin-no1\/","title":{"rendered":"Sahalaitaripustin no1"},"content":{"rendered":"","protected":false},"excerpt":{"rendered":"<p>Kun kehystetyn \u00f6ljyv\u00e4rity\u00f6n (kiilakehykselle pingotetun) ripustuspiste pit\u00e4\u00e4 saada ylemm\u00e4ksi, ruuvaa taulun yl\u00e4kulmiin sahalaitaripustimet ja ripusta taulu kahdella langalla. T\u00e4ll\u00f6in taulun yl\u00e4osa ei kallistu sein\u00e4st\u00e4 ulos ja ripustuksesta tulee muutenkin vakaampi. Kahdella langalla ripustaminen on suositeltavaa pienillekin \u00f6ljyv\u00e4rit\u00f6ille.<\/p>\n<p>Maksimikuormitus: 4 kg (kahdella ripustaen 8 kg)<\/p>\n","protected":false},"featured_media":5750,"template":"","meta":{"site-sidebar-layout":"default","site-content-layout":"default","ast-site-content-layout":"default","site-content-style":"default","site-sidebar-style":"default","ast-global-header-display":"","ast-banner-title-visibility":"","ast-main-header-display":"","ast-hfb-above-header-display":"","ast-hfb-below-header-display":"","ast-hfb-mobile-header-display":"","site-post-title":"","ast-breadcrumbs-content":"","ast-featured-img":"","footer-sml-layout":"","ast-disable-related-posts":"","theme-transparent-header-meta":"default","adv-header-id-meta":"","stick-header-meta":"","header-above-stick-meta":"","header-main-stick-meta":"","header-below-stick-meta":"","astra-migrate-meta-layouts":"default","ast-page-background-enabled":"default","ast-page-background-meta":{"desktop":{"background-color":"","background-image":"","background-repeat":"repeat","background-position":"center center","background-size":"auto","background-attachment":"scroll","background-type":"","background-media":"","overlay-type":"","overlay-color":"","overlay-opacity":"","overlay-gradient":""},"tablet":{"background-color":"","background-image":"","background-repeat":"repeat","background-position":"center center","background-size":"auto","background-attachment":"scroll","background-type":"","background-media":"","overlay-type":"","overlay-color":"","overlay-opacity":"","overlay-gradient":""},"mobile":{"background-color":"","background-image":"","background-repeat":"repeat","background-position":"center center","background-size":"auto","background-attachment":"scroll","background-type":"","background-media":"","overlay-type":"","overlay-color":"","overlay-opacity":"","overlay-gradient":""}},"ast-content-background-meta":{"desktop":{"background-color":"var(--ast-global-color-5)","background-image":"","background-repeat":"repeat","background-position":"center center","background-size":"auto","background-attachment":"scroll","background-type":"","background-media":"","overlay-type":"","overlay-color":"","overlay-opacity":"","overlay-gradient":""},"tablet":{"background-color":"var(--ast-global-color-5)","background-image":"","background-repeat":"repeat","background-position":"center center","background-size":"auto","background-attachment":"scroll","background-type":"","background-media":"","overlay-type":"","overlay-color":"","overlay-opacity":"","overlay-gradient":""},"mobile":{"background-color":"var(--ast-global-color-5)","background-image":"","background-repeat":"repeat","background-position":"center center","background-size":"auto","background-attachment":"scroll","background-type":"","background-media":"","overlay-type":"","overlay-color":"","overlay-opacity":"","overlay-gradient":""}}},"product_brand":[],"product_cat":[138],"product_tag":[175,176,174,79,83,140],"class_list":{"0":"post-5748","1":"product","2":"type-product","3":"status-publish","4":"has-post-thumbnail","6":"product_cat-taulunripustimet","7":"product_tag-koukku","8":"product_tag-oljyvaritauluille","9":"product_tag-ripustin","10":"product_tag-ripustuskoukku","11":"product_tag-ripustuslanka","12":"product_tag-taulunripustimet","13":"desktop-align-left","14":"tablet-align-left","15":"mobile-align-left","17":"first","18":"instock","19":"taxable","20":"shipping-taxable","21":"purchasable","22":"product-type-simple"},"yoast_head":"<!-- This site is optimized with the Yoast SEO plugin v27.4 - https:\/\/yoast.com\/product\/yoast-seo-wordpress\/ -->\n<title>Sahalaitaripustintin \u00f6ljyv\u00e4ritaululle - Ripustuskiskot.com<\/title>\n<meta name=\"description\" content=\"Kehystetyn \u00f6ljyv\u00e4rity\u00f6n (kiilakehykselle pingotetun) ripustin. Taulun yl\u00e4osa ei kallistu sein\u00e4st\u00e4 ulos ja ripustuksesta tulee vakaampi.\" \/>\n<meta name=\"robots\" content=\"index, follow, max-snippet:-1, max-image-preview:large, max-video-preview:-1\" \/>\n<link rel=\"canonical\" href=\"https:\/\/ripustuskiskot.com\/index.php\/tuote\/sahalaitaripustin-no1\/\" \/>\n<meta property=\"og:locale\" content=\"fi_FI\" \/>\n<meta property=\"og:type\" content=\"article\" \/>\n<meta property=\"og:title\" content=\"Sahalaitaripustintin \u00f6ljyv\u00e4ritaululle - Ripustuskiskot.com\" \/>\n<meta property=\"og:description\" content=\"Kehystetyn \u00f6ljyv\u00e4rity\u00f6n (kiilakehykselle pingotetun) ripustin. Taulun yl\u00e4osa ei kallistu sein\u00e4st\u00e4 ulos ja ripustuksesta tulee vakaampi.\" \/>\n<meta property=\"og:url\" content=\"https:\/\/ripustuskiskot.com\/index.php\/tuote\/sahalaitaripustin-no1\/\" \/>\n<meta property=\"og:site_name\" content=\"Ripustuskiskot.com\" \/>\n<meta property=\"article:publisher\" content=\"https:\/\/www.facebook.com\/ripustuskiskot\" \/>\n<meta property=\"article:modified_time\" content=\"2023-02-01T12:46:29+00:00\" \/>\n<meta property=\"og:image\" content=\"https:\/\/ripustuskiskot.com\/wp-content\/uploads\/2023\/02\/Taulun-sahalaitaripustin-2.webp\" \/>\n\t<meta property=\"og:image:width\" content=\"667\" \/>\n\t<meta property=\"og:image:height\" content=\"500\" \/>\n\t<meta property=\"og:image:type\" content=\"image\/webp\" \/>\n<meta name=\"twitter:card\" content=\"summary_large_image\" \/>\n<script type=\"application\/ld+json\" class=\"yoast-schema-graph\">{\"@context\":\"https:\\\/\\\/schema.org\",\"@graph\":[{\"@type\":\"WebPage\",\"@id\":\"https:\\\/\\\/ripustuskiskot.com\\\/index.php\\\/tuote\\\/sahalaitaripustin-no1\\\/\",\"url\":\"https:\\\/\\\/ripustuskiskot.com\\\/index.php\\\/tuote\\\/sahalaitaripustin-no1\\\/\",\"name\":\"Sahalaitaripustintin \u00f6ljyv\u00e4ritaululle - Ripustuskiskot.com\",\"isPartOf\":{\"@id\":\"https:\\\/\\\/ripustuskiskot.com\\\/#website\"},\"primaryImageOfPage\":{\"@id\":\"https:\\\/\\\/ripustuskiskot.com\\\/index.php\\\/tuote\\\/sahalaitaripustin-no1\\\/#primaryimage\"},\"image\":{\"@id\":\"https:\\\/\\\/ripustuskiskot.com\\\/index.php\\\/tuote\\\/sahalaitaripustin-no1\\\/#primaryimage\"},\"thumbnailUrl\":\"https:\\\/\\\/ripustuskiskot.com\\\/wp-content\\\/uploads\\\/2023\\\/02\\\/Taulun-sahalaitaripustin-2.webp\",\"datePublished\":\"2023-02-01T12:30:56+00:00\",\"dateModified\":\"2023-02-01T12:46:29+00:00\",\"description\":\"Kehystetyn \u00f6ljyv\u00e4rity\u00f6n (kiilakehykselle pingotetun) ripustin. Taulun yl\u00e4osa ei kallistu sein\u00e4st\u00e4 ulos ja ripustuksesta tulee vakaampi.\",\"breadcrumb\":{\"@id\":\"https:\\\/\\\/ripustuskiskot.com\\\/index.php\\\/tuote\\\/sahalaitaripustin-no1\\\/#breadcrumb\"},\"inLanguage\":\"fi\",\"potentialAction\":[{\"@type\":\"ReadAction\",\"target\":[\"https:\\\/\\\/ripustuskiskot.com\\\/index.php\\\/tuote\\\/sahalaitaripustin-no1\\\/\"]}]},{\"@type\":\"ImageObject\",\"inLanguage\":\"fi\",\"@id\":\"https:\\\/\\\/ripustuskiskot.com\\\/index.php\\\/tuote\\\/sahalaitaripustin-no1\\\/#primaryimage\",\"url\":\"https:\\\/\\\/ripustuskiskot.com\\\/wp-content\\\/uploads\\\/2023\\\/02\\\/Taulun-sahalaitaripustin-2.webp\",\"contentUrl\":\"https:\\\/\\\/ripustuskiskot.com\\\/wp-content\\\/uploads\\\/2023\\\/02\\\/Taulun-sahalaitaripustin-2.webp\",\"width\":667,\"height\":500,\"caption\":\"Kun kehystetyn \u00f6ljyv\u00e4rity\u00f6n (kiilakehykselle pingotetun) ripustuspiste pit\u00e4\u00e4 saada ylemm\u00e4ksi, ruuvaa taulun yl\u00e4kulmiin sahalaitaripustimet ja ripusta taulu kahdella langalla. T\u00e4ll\u00f6in taulun yl\u00e4osa ei kallistu sein\u00e4st\u00e4 ulos ja ripustuksesta tulee muutenkin vakaampi. Kahdella langalla ripustaminen on suositeltavaa pienillekin \u00f6ljyv\u00e4rit\u00f6ille.\"},{\"@type\":\"BreadcrumbList\",\"@id\":\"https:\\\/\\\/ripustuskiskot.com\\\/index.php\\\/tuote\\\/sahalaitaripustin-no1\\\/#breadcrumb\",\"itemListElement\":[{\"@type\":\"ListItem\",\"position\":1,\"name\":\"Etusivu\",\"item\":\"https:\\\/\\\/ripustuskiskot.com\\\/\"},{\"@type\":\"ListItem\",\"position\":2,\"name\":\"Kauppa ja tuotteet\",\"item\":\"https:\\\/\\\/ripustuskiskot.com\\\/index.php\\\/store\\\/\"},{\"@type\":\"ListItem\",\"position\":3,\"name\":\"Sahalaitaripustin no1\"}]},{\"@type\":\"WebSite\",\"@id\":\"https:\\\/\\\/ripustuskiskot.com\\\/#website\",\"url\":\"https:\\\/\\\/ripustuskiskot.com\\\/\",\"name\":\"Ripustuskiskot.com\",\"description\":\"Ripustuskiskot ja ripustustarvikkeet\",\"publisher\":{\"@id\":\"https:\\\/\\\/ripustuskiskot.com\\\/#organization\"},\"potentialAction\":[{\"@type\":\"SearchAction\",\"target\":{\"@type\":\"EntryPoint\",\"urlTemplate\":\"https:\\\/\\\/ripustuskiskot.com\\\/?s={search_term_string}\"},\"query-input\":{\"@type\":\"PropertyValueSpecification\",\"valueRequired\":true,\"valueName\":\"search_term_string\"}}],\"inLanguage\":\"fi\"},{\"@type\":\"Organization\",\"@id\":\"https:\\\/\\\/ripustuskiskot.com\\\/#organization\",\"name\":\"Kehystyspalvelu Nystr\u00f6m Oy\",\"url\":\"https:\\\/\\\/ripustuskiskot.com\\\/\",\"logo\":{\"@type\":\"ImageObject\",\"inLanguage\":\"fi\",\"@id\":\"https:\\\/\\\/ripustuskiskot.com\\\/#\\\/schema\\\/logo\\\/image\\\/\",\"url\":\"https:\\\/\\\/i0.wp.com\\\/uusi.ripustuskiskot.com\\\/wp-content\\\/uploads\\\/2022\\\/05\\\/Kehystyspalvelu-Nystrom-Oy-logo-2.png?fit=260%2C63&ssl=1\",\"contentUrl\":\"https:\\\/\\\/i0.wp.com\\\/uusi.ripustuskiskot.com\\\/wp-content\\\/uploads\\\/2022\\\/05\\\/Kehystyspalvelu-Nystrom-Oy-logo-2.png?fit=260%2C63&ssl=1\",\"width\":260,\"height\":63,\"caption\":\"Kehystyspalvelu Nystr\u00f6m Oy\"},\"image\":{\"@id\":\"https:\\\/\\\/ripustuskiskot.com\\\/#\\\/schema\\\/logo\\\/image\\\/\"},\"sameAs\":[\"https:\\\/\\\/www.facebook.com\\\/ripustuskiskot\"]}]}<\/script>\n<!-- \/ Yoast SEO plugin. -->","yoast_head_json":{"title":"Sahalaitaripustintin \u00f6ljyv\u00e4ritaululle - Ripustuskiskot.com","description":"Kehystetyn \u00f6ljyv\u00e4rity\u00f6n (kiilakehykselle pingotetun) ripustin. Taulun yl\u00e4osa ei kallistu sein\u00e4st\u00e4 ulos ja ripustuksesta tulee vakaampi.","robots":{"index":"index","follow":"follow","max-snippet":"max-snippet:-1","max-image-preview":"max-image-preview:large","max-video-preview":"max-video-preview:-1"},"canonical":"https:\/\/ripustuskiskot.com\/index.php\/tuote\/sahalaitaripustin-no1\/","og_locale":"fi_FI","og_type":"article","og_title":"Sahalaitaripustintin \u00f6ljyv\u00e4ritaululle - Ripustuskiskot.com","og_description":"Kehystetyn \u00f6ljyv\u00e4rity\u00f6n (kiilakehykselle pingotetun) ripustin. Taulun yl\u00e4osa ei kallistu sein\u00e4st\u00e4 ulos ja ripustuksesta tulee vakaampi.","og_url":"https:\/\/ripustuskiskot.com\/index.php\/tuote\/sahalaitaripustin-no1\/","og_site_name":"Ripustuskiskot.com","article_publisher":"https:\/\/www.facebook.com\/ripustuskiskot","article_modified_time":"2023-02-01T12:46:29+00:00","og_image":[{"width":667,"height":500,"url":"https:\/\/ripustuskiskot.com\/wp-content\/uploads\/2023\/02\/Taulun-sahalaitaripustin-2.webp","type":"image\/webp"}],"twitter_card":"summary_large_image","schema":{"@context":"https:\/\/schema.org","@graph":[{"@type":"WebPage","@id":"https:\/\/ripustuskiskot.com\/index.php\/tuote\/sahalaitaripustin-no1\/","url":"https:\/\/ripustuskiskot.com\/index.php\/tuote\/sahalaitaripustin-no1\/","name":"Sahalaitaripustintin \u00f6ljyv\u00e4ritaululle - Ripustuskiskot.com","isPartOf":{"@id":"https:\/\/ripustuskiskot.com\/#website"},"primaryImageOfPage":{"@id":"https:\/\/ripustuskiskot.com\/index.php\/tuote\/sahalaitaripustin-no1\/#primaryimage"},"image":{"@id":"https:\/\/ripustuskiskot.com\/index.php\/tuote\/sahalaitaripustin-no1\/#primaryimage"},"thumbnailUrl":"https:\/\/ripustuskiskot.com\/wp-content\/uploads\/2023\/02\/Taulun-sahalaitaripustin-2.webp","datePublished":"2023-02-01T12:30:56+00:00","dateModified":"2023-02-01T12:46:29+00:00","description":"Kehystetyn \u00f6ljyv\u00e4rity\u00f6n (kiilakehykselle pingotetun) ripustin. Taulun yl\u00e4osa ei kallistu sein\u00e4st\u00e4 ulos ja ripustuksesta tulee vakaampi.","breadcrumb":{"@id":"https:\/\/ripustuskiskot.com\/index.php\/tuote\/sahalaitaripustin-no1\/#breadcrumb"},"inLanguage":"fi","potentialAction":[{"@type":"ReadAction","target":["https:\/\/ripustuskiskot.com\/index.php\/tuote\/sahalaitaripustin-no1\/"]}]},{"@type":"ImageObject","inLanguage":"fi","@id":"https:\/\/ripustuskiskot.com\/index.php\/tuote\/sahalaitaripustin-no1\/#primaryimage","url":"https:\/\/ripustuskiskot.com\/wp-content\/uploads\/2023\/02\/Taulun-sahalaitaripustin-2.webp","contentUrl":"https:\/\/ripustuskiskot.com\/wp-content\/uploads\/2023\/02\/Taulun-sahalaitaripustin-2.webp","width":667,"height":500,"caption":"Kun kehystetyn \u00f6ljyv\u00e4rity\u00f6n (kiilakehykselle pingotetun) ripustuspiste pit\u00e4\u00e4 saada ylemm\u00e4ksi, ruuvaa taulun yl\u00e4kulmiin sahalaitaripustimet ja ripusta taulu kahdella langalla. T\u00e4ll\u00f6in taulun yl\u00e4osa ei kallistu sein\u00e4st\u00e4 ulos ja ripustuksesta tulee muutenkin vakaampi. Kahdella langalla ripustaminen on suositeltavaa pienillekin \u00f6ljyv\u00e4rit\u00f6ille."},{"@type":"BreadcrumbList","@id":"https:\/\/ripustuskiskot.com\/index.php\/tuote\/sahalaitaripustin-no1\/#breadcrumb","itemListElement":[{"@type":"ListItem","position":1,"name":"Etusivu","item":"https:\/\/ripustuskiskot.com\/"},{"@type":"ListItem","position":2,"name":"Kauppa ja tuotteet","item":"https:\/\/ripustuskiskot.com\/index.php\/store\/"},{"@type":"ListItem","position":3,"name":"Sahalaitaripustin no1"}]},{"@type":"WebSite","@id":"https:\/\/ripustuskiskot.com\/#website","url":"https:\/\/ripustuskiskot.com\/","name":"Ripustuskiskot.com","description":"Ripustuskiskot ja ripustustarvikkeet","publisher":{"@id":"https:\/\/ripustuskiskot.com\/#organization"},"potentialAction":[{"@type":"SearchAction","target":{"@type":"EntryPoint","urlTemplate":"https:\/\/ripustuskiskot.com\/?s={search_term_string}"},"query-input":{"@type":"PropertyValueSpecification","valueRequired":true,"valueName":"search_term_string"}}],"inLanguage":"fi"},{"@type":"Organization","@id":"https:\/\/ripustuskiskot.com\/#organization","name":"Kehystyspalvelu Nystr\u00f6m Oy","url":"https:\/\/ripustuskiskot.com\/","logo":{"@type":"ImageObject","inLanguage":"fi","@id":"https:\/\/ripustuskiskot.com\/#\/schema\/logo\/image\/","url":"https:\/\/i0.wp.com\/uusi.ripustuskiskot.com\/wp-content\/uploads\/2022\/05\/Kehystyspalvelu-Nystrom-Oy-logo-2.png?fit=260%2C63&ssl=1","contentUrl":"https:\/\/i0.wp.com\/uusi.ripustuskiskot.com\/wp-content\/uploads\/2022\/05\/Kehystyspalvelu-Nystrom-Oy-logo-2.png?fit=260%2C63&ssl=1","width":260,"height":63,"caption":"Kehystyspalvelu Nystr\u00f6m Oy"},"image":{"@id":"https:\/\/ripustuskiskot.com\/#\/schema\/logo\/image\/"},"sameAs":["https:\/\/www.facebook.com\/ripustuskiskot"]}]}},"_links":{"self":[{"href":"https:\/\/ripustuskiskot.com\/index.php\/wp-json\/wp\/v2\/product\/5748","targetHints":{"allow":["GET"]}}],"collection":[{"href":"https:\/\/ripustuskiskot.com\/index.php\/wp-json\/wp\/v2\/product"}],"about":[{"href":"https:\/\/ripustuskiskot.com\/index.php\/wp-json\/wp\/v2\/types\/product"}],"version-history":[{"count":0,"href":"https:\/\/ripustuskiskot.com\/index.php\/wp-json\/wp\/v2\/product\/5748\/revisions"}],"wp:featuredmedia":[{"embeddable":true,"href":"https:\/\/ripustuskiskot.com\/index.php\/wp-json\/wp\/v2\/media\/5750"}],"wp:attachment":[{"href":"https:\/\/ripustuskiskot.com\/index.php\/wp-json\/wp\/v2\/media?parent=5748"}],"wp:term":[{"taxonomy":"product_brand","embeddable":true,"href":"https:\/\/ripustuskiskot.com\/index.php\/wp-json\/wp\/v2\/product_brand?post=5748"},{"taxonomy":"product_cat","embeddable":true,"href":"https:\/\/ripustuskiskot.com\/index.php\/wp-json\/wp\/v2\/product_cat?post=5748"},{"taxonomy":"product_tag","embeddable":true,"href":"https:\/\/ripustuskiskot.com\/index.php\/wp-json\/wp\/v2\/product_tag?post=5748"}],"curies":[{"name":"wp","href":"https:\/\/api.w.org\/{rel}","templated":true}]}}